{"id":9539,"date":"2021-04-15T17:26:08","date_gmt":"2021-04-15T15:26:08","guid":{"rendered":"https:\/\/www.quobis.com\/?page_id=9539"},"modified":"2021-05-18T14:38:37","modified_gmt":"2021-05-18T12:38:37","slug":"knowledge-base","status":"publish","type":"page","link":"https:\/\/www.quobis.com\/es\/knowledge-base\/","title":{"rendered":"Knowledge Base"},"content":{"rendered":"","protected":false},"excerpt":{"rendered":"","protected":false},"author":5,"featured_media":0,"parent":0,"menu_order":0,"comment_status":"closed","ping_status":"closed","template":"","meta":{"_kad_blocks_custom_css":"","_kad_blocks_head_custom_js":"","_kad_blocks_body_custom_js":"","_kad_blocks_footer_custom_js":"","_kadence_starter_templates_imported_post":false,"_kad_post_transparent":"","_kad_post_title":"","_kad_post_layout":"","_kad_post_sidebar_id":"","_kad_post_content_style":"","_kad_post_vertical_padding":"","_kad_post_feature":"","_kad_post_feature_position":"","_kad_post_header":false,"_kad_post_footer":false,"_kad_post_classname":"","footnotes":""},"class_list":["post-9539","page","type-page","status-publish","hentry"],"yoast_head":"<!-- This site is optimized with the Yoast SEO Premium plugin v27.3 (Yoast SEO v27.3) - https:\/\/yoast.com\/product\/yoast-seo-premium-wordpress\/ -->\n<title>Knowledge Base - Quobis<\/title>\n<meta name=\"robots\" content=\"index, follow, max-snippet:-1, max-image-preview:large, max-video-preview:-1\" \/>\n<link rel=\"canonical\" href=\"https:\/\/www.quobis.com\/es\/knowledge-base\/\" \/>\n<meta property=\"og:locale\" content=\"es_ES\" \/>\n<meta property=\"og:type\" content=\"article\" \/>\n<meta property=\"og:title\" content=\"Knowledge Base\" \/>\n<meta property=\"og:url\" content=\"https:\/\/www.quobis.com\/es\/knowledge-base\/\" \/>\n<meta property=\"og:site_name\" content=\"Quobis\" \/>\n<meta property=\"article:publisher\" content=\"https:\/\/www.facebook.com\/quobis\" \/>\n<meta property=\"article:modified_time\" content=\"2021-05-18T12:38:37+00:00\" \/>\n<meta property=\"og:image\" content=\"https:\/\/www.quobis.com\/wp-content\/uploads\/2021\/02\/Quobis-logo-and-color-background.png\" \/>\n\t<meta property=\"og:image:width\" content=\"1920\" \/>\n\t<meta property=\"og:image:height\" content=\"1080\" \/>\n\t<meta property=\"og:image:type\" content=\"image\/png\" \/>\n<meta name=\"twitter:card\" content=\"summary_large_image\" \/>\n<meta name=\"twitter:site\" content=\"@Quobis\" \/>\n<script type=\"application\/ld+json\" class=\"yoast-schema-graph\">{\"@context\":\"https:\\\/\\\/schema.org\",\"@graph\":[{\"@type\":\"WebPage\",\"@id\":\"https:\\\/\\\/www.quobis.com\\\/es\\\/knowledge-base\\\/\",\"url\":\"https:\\\/\\\/www.quobis.com\\\/es\\\/knowledge-base\\\/\",\"name\":\"Knowledge Base - Quobis\",\"isPartOf\":{\"@id\":\"https:\\\/\\\/www.quobis.com\\\/es\\\/#website\"},\"datePublished\":\"2021-04-15T15:26:08+00:00\",\"dateModified\":\"2021-05-18T12:38:37+00:00\",\"inLanguage\":\"es\",\"potentialAction\":[{\"@type\":\"ReadAction\",\"target\":[\"https:\\\/\\\/www.quobis.com\\\/es\\\/knowledge-base\\\/\"]}]},{\"@type\":\"WebSite\",\"@id\":\"https:\\\/\\\/www.quobis.com\\\/es\\\/#website\",\"url\":\"https:\\\/\\\/www.quobis.com\\\/es\\\/\",\"name\":\"Quobis\",\"description\":\"Quobis ha desarrollado tecnolog\u00edas de comunicaci\u00f3n de clase operador para uso corporativo y proveedores de servicio de telecomunicaciones.\",\"publisher\":{\"@id\":\"https:\\\/\\\/www.quobis.com\\\/es\\\/#organization\"},\"potentialAction\":[{\"@type\":\"SearchAction\",\"target\":{\"@type\":\"EntryPoint\",\"urlTemplate\":\"https:\\\/\\\/www.quobis.com\\\/es\\\/?s={search_term_string}\"},\"query-input\":{\"@type\":\"PropertyValueSpecification\",\"valueRequired\":true,\"valueName\":\"search_term_string\"}}],\"inLanguage\":\"es\"},{\"@type\":\"Organization\",\"@id\":\"https:\\\/\\\/www.quobis.com\\\/es\\\/#organization\",\"name\":\"Quobis\",\"alternateName\":\"Quobis Networks\",\"url\":\"https:\\\/\\\/www.quobis.com\\\/es\\\/\",\"logo\":{\"@type\":\"ImageObject\",\"inLanguage\":\"es\",\"@id\":\"https:\\\/\\\/www.quobis.com\\\/es\\\/#\\\/schema\\\/logo\\\/image\\\/\",\"url\":\"https:\\\/\\\/www.quobis.com\\\/wp-content\\\/uploads\\\/2022\\\/11\\\/logo-200-x-75-1.png\",\"contentUrl\":\"https:\\\/\\\/www.quobis.com\\\/wp-content\\\/uploads\\\/2022\\\/11\\\/logo-200-x-75-1.png\",\"width\":200,\"height\":75,\"caption\":\"Quobis\"},\"image\":{\"@id\":\"https:\\\/\\\/www.quobis.com\\\/es\\\/#\\\/schema\\\/logo\\\/image\\\/\"},\"sameAs\":[\"https:\\\/\\\/www.facebook.com\\\/quobis\",\"https:\\\/\\\/x.com\\\/Quobis\",\"https:\\\/\\\/www.instagram.com\\\/thisisquobis\\\/\",\"https:\\\/\\\/www.linkedin.com\\\/company\\\/251449\"],\"description\":\"Quobis en una empresa de ingenier\u00eda de telecomunicaciones especializada en interconexi\u00f3n de voz, seguridad, aplicaciones WebRTC e integraciones de software libre en cores de red de operador. Damos soporte a elementos de red de fabricantes l\u00edderes, y tenemos una extensa actividedad de I+D, desde la que exploramos tecnolog\u00edas como la inteligenica artificial, las redes NGN (5G,6G...), ciberseguridad... Nuestros clientes son grandes empresas de sectores como la banca, retail o salud, carriers, vendors de tecnolog\u00eda para operador o administraci\u00f3n p\u00fablica.\",\"email\":\"contact@quobis.com\",\"telephone\":\"986911644\",\"legalName\":\"QUOBIS NETWORKS, S.L\",\"foundingDate\":\"2016-05-30\",\"vatID\":\"ESB36 974632\",\"numberOfEmployees\":{\"@type\":\"QuantitativeValue\",\"minValue\":\"11\",\"maxValue\":\"50\"}}]}<\/script>\n<!-- \/ Yoast SEO Premium plugin. -->","yoast_head_json":{"title":"Knowledge Base - Quobis","robots":{"index":"index","follow":"follow","max-snippet":"max-snippet:-1","max-image-preview":"max-image-preview:large","max-video-preview":"max-video-preview:-1"},"canonical":"https:\/\/www.quobis.com\/es\/knowledge-base\/","og_locale":"es_ES","og_type":"article","og_title":"Knowledge Base","og_url":"https:\/\/www.quobis.com\/es\/knowledge-base\/","og_site_name":"Quobis","article_publisher":"https:\/\/www.facebook.com\/quobis","article_modified_time":"2021-05-18T12:38:37+00:00","og_image":[{"width":1920,"height":1080,"url":"https:\/\/www.quobis.com\/wp-content\/uploads\/2021\/02\/Quobis-logo-and-color-background.png","type":"image\/png"}],"twitter_card":"summary_large_image","twitter_site":"@Quobis","schema":{"@context":"https:\/\/schema.org","@graph":[{"@type":"WebPage","@id":"https:\/\/www.quobis.com\/es\/knowledge-base\/","url":"https:\/\/www.quobis.com\/es\/knowledge-base\/","name":"Knowledge Base - Quobis","isPartOf":{"@id":"https:\/\/www.quobis.com\/es\/#website"},"datePublished":"2021-04-15T15:26:08+00:00","dateModified":"2021-05-18T12:38:37+00:00","inLanguage":"es","potentialAction":[{"@type":"ReadAction","target":["https:\/\/www.quobis.com\/es\/knowledge-base\/"]}]},{"@type":"WebSite","@id":"https:\/\/www.quobis.com\/es\/#website","url":"https:\/\/www.quobis.com\/es\/","name":"Quobis","description":"Quobis ha desarrollado tecnolog\u00edas de comunicaci\u00f3n de clase operador para uso corporativo y proveedores de servicio de telecomunicaciones.","publisher":{"@id":"https:\/\/www.quobis.com\/es\/#organization"},"potentialAction":[{"@type":"SearchAction","target":{"@type":"EntryPoint","urlTemplate":"https:\/\/www.quobis.com\/es\/?s={search_term_string}"},"query-input":{"@type":"PropertyValueSpecification","valueRequired":true,"valueName":"search_term_string"}}],"inLanguage":"es"},{"@type":"Organization","@id":"https:\/\/www.quobis.com\/es\/#organization","name":"Quobis","alternateName":"Quobis Networks","url":"https:\/\/www.quobis.com\/es\/","logo":{"@type":"ImageObject","inLanguage":"es","@id":"https:\/\/www.quobis.com\/es\/#\/schema\/logo\/image\/","url":"https:\/\/www.quobis.com\/wp-content\/uploads\/2022\/11\/logo-200-x-75-1.png","contentUrl":"https:\/\/www.quobis.com\/wp-content\/uploads\/2022\/11\/logo-200-x-75-1.png","width":200,"height":75,"caption":"Quobis"},"image":{"@id":"https:\/\/www.quobis.com\/es\/#\/schema\/logo\/image\/"},"sameAs":["https:\/\/www.facebook.com\/quobis","https:\/\/x.com\/Quobis","https:\/\/www.instagram.com\/thisisquobis\/","https:\/\/www.linkedin.com\/company\/251449"],"description":"Quobis en una empresa de ingenier\u00eda de telecomunicaciones especializada en interconexi\u00f3n de voz, seguridad, aplicaciones WebRTC e integraciones de software libre en cores de red de operador. Damos soporte a elementos de red de fabricantes l\u00edderes, y tenemos una extensa actividedad de I+D, desde la que exploramos tecnolog\u00edas como la inteligenica artificial, las redes NGN (5G,6G...), ciberseguridad... Nuestros clientes son grandes empresas de sectores como la banca, retail o salud, carriers, vendors de tecnolog\u00eda para operador o administraci\u00f3n p\u00fablica.","email":"contact@quobis.com","telephone":"986911644","legalName":"QUOBIS NETWORKS, S.L","foundingDate":"2016-05-30","vatID":"ESB36 974632","numberOfEmployees":{"@type":"QuantitativeValue","minValue":"11","maxValue":"50"}}]}},"taxonomy_info":[],"featured_image_src_large":false,"author_info":{"display_name":"Iago Soto","author_link":"https:\/\/www.quobis.com\/es\/author\/iago-soto\/"},"comment_info":0,"_links":{"self":[{"href":"https:\/\/www.quobis.com\/es\/wp-json\/wp\/v2\/pages\/9539","targetHints":{"allow":["GET"]}}],"collection":[{"href":"https:\/\/www.quobis.com\/es\/wp-json\/wp\/v2\/pages"}],"about":[{"href":"https:\/\/www.quobis.com\/es\/wp-json\/wp\/v2\/types\/page"}],"author":[{"embeddable":true,"href":"https:\/\/www.quobis.com\/es\/wp-json\/wp\/v2\/users\/5"}],"replies":[{"embeddable":true,"href":"https:\/\/www.quobis.com\/es\/wp-json\/wp\/v2\/comments?post=9539"}],"version-history":[{"count":1,"href":"https:\/\/www.quobis.com\/es\/wp-json\/wp\/v2\/pages\/9539\/revisions"}],"predecessor-version":[{"id":9540,"href":"https:\/\/www.quobis.com\/es\/wp-json\/wp\/v2\/pages\/9539\/revisions\/9540"}],"wp:attachment":[{"href":"https:\/\/www.quobis.com\/es\/wp-json\/wp\/v2\/media?parent=9539"}],"curies":[{"name":"wp","href":"https:\/\/api.w.org\/{rel}","templated":true}]}}