{"id":9183,"date":"2021-03-24T13:10:57","date_gmt":"2021-03-24T12:10:57","guid":{"rendered":"https:\/\/www.quobis.com\/?page_id=9183"},"modified":"2025-03-14T09:03:09","modified_gmt":"2025-03-14T08:03:09","slug":"politica-de-seguridad-de-la-informacion","status":"publish","type":"page","link":"https:\/\/www.quobis.com\/es\/politica-de-seguridad-de-la-informacion\/","title":{"rendered":"Pol\u00edtica de seguridad de la informaci\u00f3n"},"content":{"rendered":"\n<p>Quobis es una empresa l\u00edder en el desarrollo, implantaci\u00f3n y soporte de soluciones de comunicaci\u00f3n unificada y colaboraci\u00f3n; y en servicios de comunicaciones en cloud.<\/p>\n\n\n\n<p>Operando desde el a\u00f1o 2006, Quobis orienta su Pol\u00edtica en 2 l\u00edneas estrat\u00e9gicas: la elevada calidad del servicio prestado y la seguridad de la informaci\u00f3n que manejamos.<\/p>\n\n\n\n<p>Es por ello que Quobis define, aprueba, implementa, mantiene y mejora continuamente un Sistema de Gesti\u00f3n de la Seguridad de la Informaci\u00f3n (SGSI), seg\u00fan los requisitos de la Norma internacional ISO 27001. <\/p>\n\n\n\n<p>Objetivos de la Pol\u00edtica de Seguridad a nivel estrat\u00e9gico<\/p>\n\n\n\n<ul class=\"wp-block-list\">\n<li>Asegurar que el personal de Quobis conoce y comprende los problemas asociados a la seguridad de la informaci\u00f3n y que asumen y son conscientes de las responsabilidades asociadas.<\/li>\n\n\n\n<li>Asegurar la confidencialidad e integridad de la informaci\u00f3n que clientes y proveedores depositan y almacenan en nuestros sistemas de informaci\u00f3n.<\/li>\n\n\n\n<li>Maximizar la disponibilidad y calidad de los servicios que presta a sus clientes.<\/li>\n\n\n\n<li>Reducir o eliminar los peligros y riesgos inherentes a sus actividades por medio de la mejora continua del desempe\u00f1o en seguridad en sus procesos, productos y servicios.<\/li>\n\n\n\n<li>Garantizar que las operaciones y procesos actuales y futuros cumplan con los requisitos legales y otros requisitos aplicables en materia de seguridad de la Informaci\u00f3n.<\/li>\n<\/ul>\n\n\n\n<p>Esta Pol\u00edtica servir\u00e1 como marco para el establecimiento de los objetivos dentro del Sistema de Gesti\u00f3n. Ser\u00e1 revisada peri\u00f3dicamente con el fin de verificar su adecuaci\u00f3n al contexto de la organizaci\u00f3n. Con el fin de que sea conocida por las partes interesadas, la Pol\u00edtica de Seguridad de la Informaci\u00f3n ser\u00e1 expuesta p\u00fablicamente en la web de Quobis .<\/p>\n\n\n\n<p>Aprobada a 07 de Noviembre de 2019.<\/p>\n\n\n\n<p>El\u00edas P\u00e9rez Carrera Chief Executive Officer de QUOBIS NETWORKS, SLU.<\/p>\n\n\n\n<p><\/p>\n","protected":false},"excerpt":{"rendered":"<p>Quobis es una empresa l\u00edder en el desarrollo, implantaci\u00f3n y soporte de soluciones de comunicaci\u00f3n unificada y colaboraci\u00f3n; y en servicios de comunicaciones en cloud. Operando desde el a\u00f1o 2006, Quobis orienta su Pol\u00edtica en 2 l\u00edneas estrat\u00e9gicas: la elevada calidad del servicio prestado y la seguridad de la informaci\u00f3n que manejamos. Es por ello&#8230;<\/p>\n","protected":false},"author":9,"featured_media":8867,"parent":0,"menu_order":0,"comment_status":"closed","ping_status":"closed","template":"","meta":{"_kad_blocks_custom_css":"","_kad_blocks_head_custom_js":"","_kad_blocks_body_custom_js":"","_kad_blocks_footer_custom_js":"","_kadence_starter_templates_imported_post":false,"_kad_post_transparent":"","_kad_post_title":"","_kad_post_layout":"","_kad_post_sidebar_id":"","_kad_post_content_style":"","_kad_post_vertical_padding":"","_kad_post_feature":"","_kad_post_feature_position":"","_kad_post_header":false,"_kad_post_footer":false,"_kad_post_classname":"","footnotes":""},"class_list":["post-9183","page","type-page","status-publish","has-post-thumbnail","hentry"],"yoast_head":"<!-- This site is optimized with the Yoast SEO Premium plugin v27.3 (Yoast SEO v27.4) - https:\/\/yoast.com\/product\/yoast-seo-premium-wordpress\/ -->\n<title>Pol\u00edtica de seguridad de la informaci\u00f3n - Quobis<\/title>\n<meta name=\"description\" content=\"Sistema de Gesti\u00f3n de la Seguridad de la Informaci\u00f3n (SGSI), seg\u00fan los requisitos de la Norma internacional ISO 27001.\" \/>\n<meta name=\"robots\" content=\"index, follow, max-snippet:-1, max-image-preview:large, max-video-preview:-1\" \/>\n<link rel=\"canonical\" href=\"https:\/\/www.quobis.com\/es\/politica-de-seguridad-de-la-informacion\/\" \/>\n<meta property=\"og:locale\" content=\"es_ES\" \/>\n<meta property=\"og:type\" content=\"article\" \/>\n<meta property=\"og:title\" content=\"Pol\u00edtica de seguridad de la informaci\u00f3n\" \/>\n<meta property=\"og:description\" content=\"Quobis es una empresa l\u00edder en el desarrollo, implantaci\u00f3n y soporte de soluciones de comunicaci\u00f3n unificada y colaboraci\u00f3n; y en servicios de\" \/>\n<meta property=\"og:url\" content=\"https:\/\/www.quobis.com\/es\/politica-de-seguridad-de-la-informacion\/\" \/>\n<meta property=\"og:site_name\" content=\"Quobis\" \/>\n<meta property=\"article:publisher\" content=\"https:\/\/www.facebook.com\/quobis\" \/>\n<meta property=\"article:modified_time\" content=\"2025-03-14T08:03:09+00:00\" \/>\n<meta property=\"og:image\" content=\"https:\/\/www.quobis.com\/wp-content\/uploads\/2021\/02\/Quobis-logo-and-color-background.png\" \/>\n\t<meta property=\"og:image:width\" content=\"1920\" \/>\n\t<meta property=\"og:image:height\" content=\"1080\" \/>\n\t<meta property=\"og:image:type\" content=\"image\/png\" \/>\n<meta name=\"twitter:card\" content=\"summary_large_image\" \/>\n<meta name=\"twitter:site\" content=\"@Quobis\" \/>\n<meta name=\"twitter:label1\" content=\"Tiempo de lectura\" \/>\n\t<meta name=\"twitter:data1\" content=\"2 minutos\" \/>\n<script type=\"application\/ld+json\" class=\"yoast-schema-graph\">{\"@context\":\"https:\\\/\\\/schema.org\",\"@graph\":[{\"@type\":\"WebPage\",\"@id\":\"https:\\\/\\\/www.quobis.com\\\/es\\\/politica-de-seguridad-de-la-informacion\\\/\",\"url\":\"https:\\\/\\\/www.quobis.com\\\/es\\\/politica-de-seguridad-de-la-informacion\\\/\",\"name\":\"Pol\u00edtica de seguridad de la informaci\u00f3n - Quobis\",\"isPartOf\":{\"@id\":\"https:\\\/\\\/www.quobis.com\\\/es\\\/#website\"},\"primaryImageOfPage\":{\"@id\":\"https:\\\/\\\/www.quobis.com\\\/es\\\/politica-de-seguridad-de-la-informacion\\\/#primaryimage\"},\"image\":{\"@id\":\"https:\\\/\\\/www.quobis.com\\\/es\\\/politica-de-seguridad-de-la-informacion\\\/#primaryimage\"},\"thumbnailUrl\":\"https:\\\/\\\/www.quobis.com\\\/wp-content\\\/uploads\\\/2021\\\/02\\\/Quobis-logo-and-color-background.png\",\"datePublished\":\"2021-03-24T12:10:57+00:00\",\"dateModified\":\"2025-03-14T08:03:09+00:00\",\"description\":\"Sistema de Gesti\u00f3n de la Seguridad de la Informaci\u00f3n (SGSI), seg\u00fan los requisitos de la Norma internacional ISO 27001.\",\"inLanguage\":\"es\",\"potentialAction\":[{\"@type\":\"ReadAction\",\"target\":[\"https:\\\/\\\/www.quobis.com\\\/es\\\/politica-de-seguridad-de-la-informacion\\\/\"]}]},{\"@type\":\"ImageObject\",\"inLanguage\":\"es\",\"@id\":\"https:\\\/\\\/www.quobis.com\\\/es\\\/politica-de-seguridad-de-la-informacion\\\/#primaryimage\",\"url\":\"https:\\\/\\\/www.quobis.com\\\/wp-content\\\/uploads\\\/2021\\\/02\\\/Quobis-logo-and-color-background.png\",\"contentUrl\":\"https:\\\/\\\/www.quobis.com\\\/wp-content\\\/uploads\\\/2021\\\/02\\\/Quobis-logo-and-color-background.png\",\"width\":1920,\"height\":1080,\"caption\":\"quobis logo\"},{\"@type\":\"WebSite\",\"@id\":\"https:\\\/\\\/www.quobis.com\\\/es\\\/#website\",\"url\":\"https:\\\/\\\/www.quobis.com\\\/es\\\/\",\"name\":\"Quobis\",\"description\":\"Quobis ha desarrollado tecnolog\u00edas de comunicaci\u00f3n de clase operador para uso corporativo y proveedores de servicio de telecomunicaciones.\",\"publisher\":{\"@id\":\"https:\\\/\\\/www.quobis.com\\\/es\\\/#organization\"},\"potentialAction\":[{\"@type\":\"SearchAction\",\"target\":{\"@type\":\"EntryPoint\",\"urlTemplate\":\"https:\\\/\\\/www.quobis.com\\\/es\\\/?s={search_term_string}\"},\"query-input\":{\"@type\":\"PropertyValueSpecification\",\"valueRequired\":true,\"valueName\":\"search_term_string\"}}],\"inLanguage\":\"es\"},{\"@type\":\"Organization\",\"@id\":\"https:\\\/\\\/www.quobis.com\\\/es\\\/#organization\",\"name\":\"Quobis\",\"alternateName\":\"Quobis Networks\",\"url\":\"https:\\\/\\\/www.quobis.com\\\/es\\\/\",\"logo\":{\"@type\":\"ImageObject\",\"inLanguage\":\"es\",\"@id\":\"https:\\\/\\\/www.quobis.com\\\/es\\\/#\\\/schema\\\/logo\\\/image\\\/\",\"url\":\"https:\\\/\\\/www.quobis.com\\\/wp-content\\\/uploads\\\/2022\\\/11\\\/logo-200-x-75-1.png\",\"contentUrl\":\"https:\\\/\\\/www.quobis.com\\\/wp-content\\\/uploads\\\/2022\\\/11\\\/logo-200-x-75-1.png\",\"width\":200,\"height\":75,\"caption\":\"Quobis\"},\"image\":{\"@id\":\"https:\\\/\\\/www.quobis.com\\\/es\\\/#\\\/schema\\\/logo\\\/image\\\/\"},\"sameAs\":[\"https:\\\/\\\/www.facebook.com\\\/quobis\",\"https:\\\/\\\/x.com\\\/Quobis\",\"https:\\\/\\\/www.instagram.com\\\/thisisquobis\\\/\",\"https:\\\/\\\/www.linkedin.com\\\/company\\\/251449\"],\"description\":\"Quobis en una empresa de ingenier\u00eda de telecomunicaciones especializada en interconexi\u00f3n de voz, seguridad, aplicaciones WebRTC e integraciones de software libre en cores de red de operador. Damos soporte a elementos de red de fabricantes l\u00edderes, y tenemos una extensa actividedad de I+D, desde la que exploramos tecnolog\u00edas como la inteligenica artificial, las redes NGN (5G,6G...), ciberseguridad... Nuestros clientes son grandes empresas de sectores como la banca, retail o salud, carriers, vendors de tecnolog\u00eda para operador o administraci\u00f3n p\u00fablica.\",\"email\":\"contact@quobis.com\",\"telephone\":\"986911644\",\"legalName\":\"QUOBIS NETWORKS, S.L\",\"foundingDate\":\"2016-05-30\",\"vatID\":\"ESB36 974632\",\"numberOfEmployees\":{\"@type\":\"QuantitativeValue\",\"minValue\":\"11\",\"maxValue\":\"50\"}}]}<\/script>\n<!-- \/ Yoast SEO Premium plugin. -->","yoast_head_json":{"title":"Pol\u00edtica de seguridad de la informaci\u00f3n - Quobis","description":"Sistema de Gesti\u00f3n de la Seguridad de la Informaci\u00f3n (SGSI), seg\u00fan los requisitos de la Norma internacional ISO 27001.","robots":{"index":"index","follow":"follow","max-snippet":"max-snippet:-1","max-image-preview":"max-image-preview:large","max-video-preview":"max-video-preview:-1"},"canonical":"https:\/\/www.quobis.com\/es\/politica-de-seguridad-de-la-informacion\/","og_locale":"es_ES","og_type":"article","og_title":"Pol\u00edtica de seguridad de la informaci\u00f3n","og_description":"Quobis es una empresa l\u00edder en el desarrollo, implantaci\u00f3n y soporte de soluciones de comunicaci\u00f3n unificada y colaboraci\u00f3n; y en servicios de","og_url":"https:\/\/www.quobis.com\/es\/politica-de-seguridad-de-la-informacion\/","og_site_name":"Quobis","article_publisher":"https:\/\/www.facebook.com\/quobis","article_modified_time":"2025-03-14T08:03:09+00:00","og_image":[{"width":1920,"height":1080,"url":"https:\/\/www.quobis.com\/wp-content\/uploads\/2021\/02\/Quobis-logo-and-color-background.png","type":"image\/png"}],"twitter_card":"summary_large_image","twitter_site":"@Quobis","twitter_misc":{"Tiempo de lectura":"2 minutos"},"schema":{"@context":"https:\/\/schema.org","@graph":[{"@type":"WebPage","@id":"https:\/\/www.quobis.com\/es\/politica-de-seguridad-de-la-informacion\/","url":"https:\/\/www.quobis.com\/es\/politica-de-seguridad-de-la-informacion\/","name":"Pol\u00edtica de seguridad de la informaci\u00f3n - Quobis","isPartOf":{"@id":"https:\/\/www.quobis.com\/es\/#website"},"primaryImageOfPage":{"@id":"https:\/\/www.quobis.com\/es\/politica-de-seguridad-de-la-informacion\/#primaryimage"},"image":{"@id":"https:\/\/www.quobis.com\/es\/politica-de-seguridad-de-la-informacion\/#primaryimage"},"thumbnailUrl":"https:\/\/www.quobis.com\/wp-content\/uploads\/2021\/02\/Quobis-logo-and-color-background.png","datePublished":"2021-03-24T12:10:57+00:00","dateModified":"2025-03-14T08:03:09+00:00","description":"Sistema de Gesti\u00f3n de la Seguridad de la Informaci\u00f3n (SGSI), seg\u00fan los requisitos de la Norma internacional ISO 27001.","inLanguage":"es","potentialAction":[{"@type":"ReadAction","target":["https:\/\/www.quobis.com\/es\/politica-de-seguridad-de-la-informacion\/"]}]},{"@type":"ImageObject","inLanguage":"es","@id":"https:\/\/www.quobis.com\/es\/politica-de-seguridad-de-la-informacion\/#primaryimage","url":"https:\/\/www.quobis.com\/wp-content\/uploads\/2021\/02\/Quobis-logo-and-color-background.png","contentUrl":"https:\/\/www.quobis.com\/wp-content\/uploads\/2021\/02\/Quobis-logo-and-color-background.png","width":1920,"height":1080,"caption":"quobis logo"},{"@type":"WebSite","@id":"https:\/\/www.quobis.com\/es\/#website","url":"https:\/\/www.quobis.com\/es\/","name":"Quobis","description":"Quobis ha desarrollado tecnolog\u00edas de comunicaci\u00f3n de clase operador para uso corporativo y proveedores de servicio de telecomunicaciones.","publisher":{"@id":"https:\/\/www.quobis.com\/es\/#organization"},"potentialAction":[{"@type":"SearchAction","target":{"@type":"EntryPoint","urlTemplate":"https:\/\/www.quobis.com\/es\/?s={search_term_string}"},"query-input":{"@type":"PropertyValueSpecification","valueRequired":true,"valueName":"search_term_string"}}],"inLanguage":"es"},{"@type":"Organization","@id":"https:\/\/www.quobis.com\/es\/#organization","name":"Quobis","alternateName":"Quobis Networks","url":"https:\/\/www.quobis.com\/es\/","logo":{"@type":"ImageObject","inLanguage":"es","@id":"https:\/\/www.quobis.com\/es\/#\/schema\/logo\/image\/","url":"https:\/\/www.quobis.com\/wp-content\/uploads\/2022\/11\/logo-200-x-75-1.png","contentUrl":"https:\/\/www.quobis.com\/wp-content\/uploads\/2022\/11\/logo-200-x-75-1.png","width":200,"height":75,"caption":"Quobis"},"image":{"@id":"https:\/\/www.quobis.com\/es\/#\/schema\/logo\/image\/"},"sameAs":["https:\/\/www.facebook.com\/quobis","https:\/\/x.com\/Quobis","https:\/\/www.instagram.com\/thisisquobis\/","https:\/\/www.linkedin.com\/company\/251449"],"description":"Quobis en una empresa de ingenier\u00eda de telecomunicaciones especializada en interconexi\u00f3n de voz, seguridad, aplicaciones WebRTC e integraciones de software libre en cores de red de operador. Damos soporte a elementos de red de fabricantes l\u00edderes, y tenemos una extensa actividedad de I+D, desde la que exploramos tecnolog\u00edas como la inteligenica artificial, las redes NGN (5G,6G...), ciberseguridad... Nuestros clientes son grandes empresas de sectores como la banca, retail o salud, carriers, vendors de tecnolog\u00eda para operador o administraci\u00f3n p\u00fablica.","email":"contact@quobis.com","telephone":"986911644","legalName":"QUOBIS NETWORKS, S.L","foundingDate":"2016-05-30","vatID":"ESB36 974632","numberOfEmployees":{"@type":"QuantitativeValue","minValue":"11","maxValue":"50"}}]}},"taxonomy_info":[],"featured_image_src_large":["https:\/\/www.quobis.com\/wp-content\/uploads\/2021\/02\/Quobis-logo-and-color-background-1024x576.png",1024,576,true],"author_info":{"display_name":"Iago Fern\u00e1ndez Gonz\u00e1lez","author_link":"https:\/\/www.quobis.com\/es\/author\/iago-fernandez\/"},"comment_info":0,"_links":{"self":[{"href":"https:\/\/www.quobis.com\/es\/wp-json\/wp\/v2\/pages\/9183","targetHints":{"allow":["GET"]}}],"collection":[{"href":"https:\/\/www.quobis.com\/es\/wp-json\/wp\/v2\/pages"}],"about":[{"href":"https:\/\/www.quobis.com\/es\/wp-json\/wp\/v2\/types\/page"}],"author":[{"embeddable":true,"href":"https:\/\/www.quobis.com\/es\/wp-json\/wp\/v2\/users\/9"}],"replies":[{"embeddable":true,"href":"https:\/\/www.quobis.com\/es\/wp-json\/wp\/v2\/comments?post=9183"}],"version-history":[{"count":5,"href":"https:\/\/www.quobis.com\/es\/wp-json\/wp\/v2\/pages\/9183\/revisions"}],"predecessor-version":[{"id":15445,"href":"https:\/\/www.quobis.com\/es\/wp-json\/wp\/v2\/pages\/9183\/revisions\/15445"}],"wp:featuredmedia":[{"embeddable":true,"href":"https:\/\/www.quobis.com\/es\/wp-json\/wp\/v2\/media\/8867"}],"wp:attachment":[{"href":"https:\/\/www.quobis.com\/es\/wp-json\/wp\/v2\/media?parent=9183"}],"curies":[{"name":"wp","href":"https:\/\/api.w.org\/{rel}","templated":true}]}}