{"id":15439,"date":"2020-10-01T12:30:32","date_gmt":"2020-10-01T10:30:32","guid":{"rendered":"https:\/\/www.quobis.com\/terms-and-conditions\/"},"modified":"2025-03-14T09:00:50","modified_gmt":"2025-03-14T08:00:50","slug":"terms-and-conditions","status":"publish","type":"page","link":"https:\/\/www.quobis.com\/es\/terms-and-conditions\/","title":{"rendered":"T\u00e9rminos y condiciones"},"content":{"rendered":"\n<p>Aceptaci\u00f3n de los T\u00e9rminos y Descargos de Responsabilidad. TODA LA INFORMACI\u00d3N (INCLUYENDO, SIN LIMITACI\u00d3N, TEXTO, IM\u00c1GENES, GR\u00c1FICOS, ENLACES Y OTROS MATERIALES) DEL SITIO WEB SE PROPORCIONA \u00abTAL CUAL\u00bb Y \u00abSEG\u00daN DISPONIBILIDAD\u00bb. QUOBIS NETWORKS, SUS AFILIADOS, SOCIOS, LICENCIANTES Y PROVEEDORES NIEGAN EXPRESAMENTE, EN LA MEDIDA EN QUE LA LEY LO PERMITA, CUALQUIER REPRESENTACI\u00d3N O GARANT\u00cdA DE CUALQUIER TIPO, EXPRESA O IMPL\u00cdCITA, INCLUIDAS LAS GARANT\u00cdAS DE COMERCIABILIDAD, IDONEIDAD PARA UN PROP\u00d3SITO PARTICULAR, NO INFRACCI\u00d3N O EN RELACI\u00d3N CON EL FUNCIONAMIENTO DE ESTE SITIO WEB, EL CONTENIDO O EL CONTENIDO DEL USUARIO.<\/p>\n\n\n\n<p>Ni QUOBIS ni sus subsidiarias, filiales, socios, licenciantes ni proveedores garantizan ni declaran que (i) el Sitio Web satisfaga sus necesidades, (ii) el Sitio Web sea ininterrumpido, oportuno, seguro o libre de errores, ni (iii) los resultados que se obtengan del uso del Sitio Web (incluida la informaci\u00f3n y los materiales de este Sitio Web) sean correctos, completos, precisos, fiables o que satisfagan sus necesidades.<\/p>\n\n\n\n<p>Este es un sitio web p\u00fablico. No debe tener ninguna expectativa de confidencialidad con respecto al Contenido de Usuario que env\u00ede a este Sitio Web. No env\u00ede informaci\u00f3n confidencial aqu\u00ed.<\/p>\n\n\n\n<p>QUOBIS, sus filiales, socios, licenciantes y proveedores no ser\u00e1n responsables de las interrupciones u omisiones en los servicios de Internet, red o alojamiento, y no garantizan que el Sitio Web, los servicios que lo hacen disponible, ni las comunicaciones electr\u00f3nicas enviadas por QUOBIS NETWORKS, est\u00e9n libres de virus u otros elementos da\u00f1inos.<\/p>\n\n\n\n<p>Cualquier material descargado u obtenido de otro modo mediante el uso de este Sitio Web se realiza bajo su propia discreci\u00f3n y riesgo. Usted ser\u00e1 el \u00fanico responsable de cualquier da\u00f1o a su sistema inform\u00e1tico o p\u00e9rdida de datos que resulte de la descarga de dicho material. Registro: Para acceder a ciertas \u00e1reas del Sitio Web y utilizar ciertas funciones o caracter\u00edsticas del mismo, es posible que deba registrarse como colaborador. Este registro es gratuito.<\/p>\n\n\n\n<p>Al registrarse, deber\u00e1 elegir un nombre de usuario y una contrase\u00f1a \u00fanicos, as\u00ed como proporcionar una direcci\u00f3n de correo electr\u00f3nico \u00fanica, v\u00e1lida, actual y verificable. No se permiten nombres de usuario ni direcciones de correo electr\u00f3nico duplicados; por lo tanto, si el nombre o la direcci\u00f3n que introduzca ya est\u00e1n en uso, se le solicitar\u00e1 que elija otros. Le enviaremos un correo electr\u00f3nico de confirmaci\u00f3n con su informaci\u00f3n de registro. En caso de que, por cualquier motivo, no se pueda enviar dicha informaci\u00f3n, su acceso o uso de las \u00e1reas, funciones o caracter\u00edsticas que requieran dicho registro podr\u00e1 ser denegado o cancelado. Actualizar\u00e1 su registro de inmediato para mantenerlo preciso y actualizado. Usted es el \u00fanico responsable de mantener la confidencialidad de su contrase\u00f1a. Nos reservamos el derecho de cambiar su nombre de usuario, eliminar el contenido enviado al sitio web, o rechazar o cancelar su registro si elige un nombre de usuario que, a nuestra entera discreci\u00f3n, sea obsceno, indecente, abusivo o inapropiado. Usted tambi\u00e9n es el \u00fanico responsable de restringir el acceso a su(s) computadora(s). Usted acepta la responsabilidad de todas las actividades que ocurran bajo su cuenta, nombre de usuario y\/o contrase\u00f1a que se deban a su conducta, inacci\u00f3n o negligencia. Si tiene conocimiento de alguna conducta sospechosa o no autorizada con respecto a su cuenta, nombre de usuario y\/o contrase\u00f1a, usted acepta contactarnos inmediatamente por correo electr\u00f3nico a info(at)quobis(dot)com. Podemos, a nuestra propia discreci\u00f3n, bloquear el registro de cualquier servicio de correo electr\u00f3nico o ISP espec\u00edfico. Limitaci\u00f3n de Responsabilidad<br>QUOBIS NI NINGUNO DE SUS AFILIADOS, SOCIOS, LICENCIANTES O PROVEEDORES SER\u00c1N RESPONSABLES EN NING\u00daN CASO DE NING\u00daN DA\u00d1O INDIRECTO, CONSECUENTE, PUNITIVO, ESPECIAL, INCIDENTAL O DE OTRO TIPO QUE RESULTE, SURJA DE O EST\u00c9 RELACIONADO CON EL ACCESO, USO O IMPOSIBILIDAD DE ACCEDER O USAR ESTE SITIO WEB, SU CONTENIDO O EL CONTENIDO DEL USUARIO, INCLUSO SI QUOBIS NETWORKS HA SIDO ADVERTIDA DE LA POSIBILIDAD DE DICHOS DA\u00d1OS, EXCEPTO EN LA MEDIDA EN QUE DICHOS DA\u00d1OS SURJAN COMO RESULTADO DE FRAUDE O FALSA DECLARACI\u00d3N POR PARTE DE QUOBIS.<\/p>\n\n\n\n<p>Si reside en un pa\u00eds o estado que no permite ninguna de las exclusiones o limitaciones de responsabilidad anteriores ni ninguna de las exenciones de garant\u00edas de la secci\u00f3n anterior, dichas exclusiones o limitaciones no le ser\u00e1n aplicables, solo en la medida en que no est\u00e9n permitidas. En tal caso, dichas exclusiones o limitaciones se limitar\u00e1n al m\u00e1ximo permitido por la legislaci\u00f3n aplicable. Derechos de autor y marcas registradas<br>Los derechos de autor y dem\u00e1s derechos de propiedad sobre el Contenido proporcionado por QUOBIS, sus filiales, subsidiarias o socios, el software para operar y publicar el Sitio web, la recopilaci\u00f3n de datos en el Sitio web y el orden, la secuencia y la disposici\u00f3n de este Sitio web pertenecen a QUOBIS NETWORKS S.L. o a sus socios o licenciantes. Todos los derechos sobre el Contenido no expresamente otorgados en este documento quedan reservados.<\/p>\n\n\n\n<p>QUOBIS NETWORKS es una marca registrada de QUOBIS NETWORKS s.l.<\/p>\n\n\n\n<p>QUOBIS NETWORKS y todas las dem\u00e1s marcas registradas de QUOBIS NETWORKS<\/p>\n","protected":false},"excerpt":{"rendered":"<p>Aceptaci\u00f3n de los T\u00e9rminos y Descargos de Responsabilidad. TODA LA INFORMACI\u00d3N (INCLUYENDO, SIN LIMITACI\u00d3N, TEXTO, IM\u00c1GENES, GR\u00c1FICOS, ENLACES Y OTROS MATERIALES) DEL SITIO WEB SE PROPORCIONA \u00abTAL CUAL\u00bb Y \u00abSEG\u00daN DISPONIBILIDAD\u00bb. QUOBIS NETWORKS, SUS AFILIADOS, SOCIOS, LICENCIANTES Y PROVEEDORES NIEGAN EXPRESAMENTE, EN LA MEDIDA EN QUE LA LEY LO PERMITA, CUALQUIER REPRESENTACI\u00d3N O GARANT\u00cdA DE&#8230;<\/p>\n","protected":false},"author":5,"featured_media":0,"parent":0,"menu_order":0,"comment_status":"closed","ping_status":"closed","template":"","meta":{"_kad_blocks_custom_css":"","_kad_blocks_head_custom_js":"","_kad_blocks_body_custom_js":"","_kad_blocks_footer_custom_js":"","_kadence_starter_templates_imported_post":false,"_kad_post_transparent":"","_kad_post_title":"","_kad_post_layout":"","_kad_post_sidebar_id":"","_kad_post_content_style":"","_kad_post_vertical_padding":"","_kad_post_feature":"","_kad_post_feature_position":"","_kad_post_header":false,"_kad_post_footer":false,"_kad_post_classname":"","footnotes":""},"class_list":["post-15439","page","type-page","status-publish","hentry"],"yoast_head":"<!-- This site is optimized with the Yoast SEO Premium plugin v27.3 (Yoast SEO v27.4) - https:\/\/yoast.com\/product\/yoast-seo-premium-wordpress\/ -->\n<title>T\u00e9rminos y condiciones - Quobis<\/title>\n<meta name=\"description\" content=\"Las siguientes Condiciones de Uso rigen el acceso y uso de este Sitio Web. Asimismo, pueden aplicarse t\u00e9rminos y condiciones espec\u00edficos a contenido, datos, materiales o informaci\u00f3n espec\u00edfica contenida o disponible a trav\u00e9s de este Sitio Web.\" \/>\n<meta name=\"robots\" content=\"noindex, follow\" \/>\n<meta property=\"og:locale\" content=\"es_ES\" \/>\n<meta property=\"og:type\" content=\"article\" \/>\n<meta property=\"og:title\" content=\"T\u00e9rminos y condiciones\" \/>\n<meta property=\"og:description\" content=\"Aceptaci\u00f3n de los T\u00e9rminos y Descargos de Responsabilidad. TODA LA INFORMACI\u00d3N (INCLUYENDO, SIN LIMITACI\u00d3N, TEXTO, IM\u00c1GENES, GR\u00c1FICOS, ENLACES Y OTROS\" \/>\n<meta property=\"og:url\" content=\"https:\/\/www.quobis.com\/es\/terms-and-conditions\/\" \/>\n<meta property=\"og:site_name\" content=\"Quobis\" \/>\n<meta property=\"article:publisher\" content=\"https:\/\/www.facebook.com\/quobis\" \/>\n<meta property=\"article:modified_time\" content=\"2025-03-14T08:00:50+00:00\" \/>\n<meta property=\"og:image\" content=\"https:\/\/www.quobis.com\/wp-content\/uploads\/2021\/02\/Quobis-logo-and-color-background.png\" \/>\n\t<meta property=\"og:image:width\" content=\"1920\" \/>\n\t<meta property=\"og:image:height\" content=\"1080\" \/>\n\t<meta property=\"og:image:type\" content=\"image\/png\" \/>\n<meta name=\"twitter:card\" content=\"summary_large_image\" \/>\n<meta name=\"twitter:site\" content=\"@Quobis\" \/>\n<meta name=\"twitter:label1\" content=\"Tiempo de lectura\" \/>\n\t<meta name=\"twitter:data1\" content=\"10 minutos\" \/>\n<script type=\"application\/ld+json\" class=\"yoast-schema-graph\">{\"@context\":\"https:\\\/\\\/schema.org\",\"@graph\":[{\"@type\":\"WebPage\",\"@id\":\"https:\\\/\\\/www.quobis.com\\\/es\\\/terms-and-conditions\\\/\",\"url\":\"https:\\\/\\\/www.quobis.com\\\/es\\\/terms-and-conditions\\\/\",\"name\":\"T\u00e9rminos y condiciones - Quobis\",\"isPartOf\":{\"@id\":\"https:\\\/\\\/www.quobis.com\\\/es\\\/#website\"},\"datePublished\":\"2020-10-01T10:30:32+00:00\",\"dateModified\":\"2025-03-14T08:00:50+00:00\",\"description\":\"Las siguientes Condiciones de Uso rigen el acceso y uso de este Sitio Web. Asimismo, pueden aplicarse t\u00e9rminos y condiciones espec\u00edficos a contenido, datos, materiales o informaci\u00f3n espec\u00edfica contenida o disponible a trav\u00e9s de este Sitio Web.\",\"inLanguage\":\"es\",\"potentialAction\":[{\"@type\":\"ReadAction\",\"target\":[\"https:\\\/\\\/www.quobis.com\\\/es\\\/terms-and-conditions\\\/\"]}]},{\"@type\":\"WebSite\",\"@id\":\"https:\\\/\\\/www.quobis.com\\\/es\\\/#website\",\"url\":\"https:\\\/\\\/www.quobis.com\\\/es\\\/\",\"name\":\"Quobis\",\"description\":\"Quobis ha desarrollado tecnolog\u00edas de comunicaci\u00f3n de clase operador para uso corporativo y proveedores de servicio de telecomunicaciones.\",\"publisher\":{\"@id\":\"https:\\\/\\\/www.quobis.com\\\/es\\\/#organization\"},\"potentialAction\":[{\"@type\":\"SearchAction\",\"target\":{\"@type\":\"EntryPoint\",\"urlTemplate\":\"https:\\\/\\\/www.quobis.com\\\/es\\\/?s={search_term_string}\"},\"query-input\":{\"@type\":\"PropertyValueSpecification\",\"valueRequired\":true,\"valueName\":\"search_term_string\"}}],\"inLanguage\":\"es\"},{\"@type\":\"Organization\",\"@id\":\"https:\\\/\\\/www.quobis.com\\\/es\\\/#organization\",\"name\":\"Quobis\",\"alternateName\":\"Quobis Networks\",\"url\":\"https:\\\/\\\/www.quobis.com\\\/es\\\/\",\"logo\":{\"@type\":\"ImageObject\",\"inLanguage\":\"es\",\"@id\":\"https:\\\/\\\/www.quobis.com\\\/es\\\/#\\\/schema\\\/logo\\\/image\\\/\",\"url\":\"https:\\\/\\\/www.quobis.com\\\/wp-content\\\/uploads\\\/2022\\\/11\\\/logo-200-x-75-1.png\",\"contentUrl\":\"https:\\\/\\\/www.quobis.com\\\/wp-content\\\/uploads\\\/2022\\\/11\\\/logo-200-x-75-1.png\",\"width\":200,\"height\":75,\"caption\":\"Quobis\"},\"image\":{\"@id\":\"https:\\\/\\\/www.quobis.com\\\/es\\\/#\\\/schema\\\/logo\\\/image\\\/\"},\"sameAs\":[\"https:\\\/\\\/www.facebook.com\\\/quobis\",\"https:\\\/\\\/x.com\\\/Quobis\",\"https:\\\/\\\/www.instagram.com\\\/thisisquobis\\\/\",\"https:\\\/\\\/www.linkedin.com\\\/company\\\/251449\"],\"description\":\"Quobis en una empresa de ingenier\u00eda de telecomunicaciones especializada en interconexi\u00f3n de voz, seguridad, aplicaciones WebRTC e integraciones de software libre en cores de red de operador. Damos soporte a elementos de red de fabricantes l\u00edderes, y tenemos una extensa actividedad de I+D, desde la que exploramos tecnolog\u00edas como la inteligenica artificial, las redes NGN (5G,6G...), ciberseguridad... Nuestros clientes son grandes empresas de sectores como la banca, retail o salud, carriers, vendors de tecnolog\u00eda para operador o administraci\u00f3n p\u00fablica.\",\"email\":\"contact@quobis.com\",\"telephone\":\"986911644\",\"legalName\":\"QUOBIS NETWORKS, S.L\",\"foundingDate\":\"2016-05-30\",\"vatID\":\"ESB36 974632\",\"numberOfEmployees\":{\"@type\":\"QuantitativeValue\",\"minValue\":\"11\",\"maxValue\":\"50\"}}]}<\/script>\n<!-- \/ Yoast SEO Premium plugin. -->","yoast_head_json":{"title":"T\u00e9rminos y condiciones - Quobis","description":"Las siguientes Condiciones de Uso rigen el acceso y uso de este Sitio Web. Asimismo, pueden aplicarse t\u00e9rminos y condiciones espec\u00edficos a contenido, datos, materiales o informaci\u00f3n espec\u00edfica contenida o disponible a trav\u00e9s de este Sitio Web.","robots":{"index":"noindex","follow":"follow"},"og_locale":"es_ES","og_type":"article","og_title":"T\u00e9rminos y condiciones","og_description":"Aceptaci\u00f3n de los T\u00e9rminos y Descargos de Responsabilidad. TODA LA INFORMACI\u00d3N (INCLUYENDO, SIN LIMITACI\u00d3N, TEXTO, IM\u00c1GENES, GR\u00c1FICOS, ENLACES Y OTROS","og_url":"https:\/\/www.quobis.com\/es\/terms-and-conditions\/","og_site_name":"Quobis","article_publisher":"https:\/\/www.facebook.com\/quobis","article_modified_time":"2025-03-14T08:00:50+00:00","og_image":[{"width":1920,"height":1080,"url":"https:\/\/www.quobis.com\/wp-content\/uploads\/2021\/02\/Quobis-logo-and-color-background.png","type":"image\/png"}],"twitter_card":"summary_large_image","twitter_site":"@Quobis","twitter_misc":{"Tiempo de lectura":"10 minutos"},"schema":{"@context":"https:\/\/schema.org","@graph":[{"@type":"WebPage","@id":"https:\/\/www.quobis.com\/es\/terms-and-conditions\/","url":"https:\/\/www.quobis.com\/es\/terms-and-conditions\/","name":"T\u00e9rminos y condiciones - Quobis","isPartOf":{"@id":"https:\/\/www.quobis.com\/es\/#website"},"datePublished":"2020-10-01T10:30:32+00:00","dateModified":"2025-03-14T08:00:50+00:00","description":"Las siguientes Condiciones de Uso rigen el acceso y uso de este Sitio Web. Asimismo, pueden aplicarse t\u00e9rminos y condiciones espec\u00edficos a contenido, datos, materiales o informaci\u00f3n espec\u00edfica contenida o disponible a trav\u00e9s de este Sitio Web.","inLanguage":"es","potentialAction":[{"@type":"ReadAction","target":["https:\/\/www.quobis.com\/es\/terms-and-conditions\/"]}]},{"@type":"WebSite","@id":"https:\/\/www.quobis.com\/es\/#website","url":"https:\/\/www.quobis.com\/es\/","name":"Quobis","description":"Quobis ha desarrollado tecnolog\u00edas de comunicaci\u00f3n de clase operador para uso corporativo y proveedores de servicio de telecomunicaciones.","publisher":{"@id":"https:\/\/www.quobis.com\/es\/#organization"},"potentialAction":[{"@type":"SearchAction","target":{"@type":"EntryPoint","urlTemplate":"https:\/\/www.quobis.com\/es\/?s={search_term_string}"},"query-input":{"@type":"PropertyValueSpecification","valueRequired":true,"valueName":"search_term_string"}}],"inLanguage":"es"},{"@type":"Organization","@id":"https:\/\/www.quobis.com\/es\/#organization","name":"Quobis","alternateName":"Quobis Networks","url":"https:\/\/www.quobis.com\/es\/","logo":{"@type":"ImageObject","inLanguage":"es","@id":"https:\/\/www.quobis.com\/es\/#\/schema\/logo\/image\/","url":"https:\/\/www.quobis.com\/wp-content\/uploads\/2022\/11\/logo-200-x-75-1.png","contentUrl":"https:\/\/www.quobis.com\/wp-content\/uploads\/2022\/11\/logo-200-x-75-1.png","width":200,"height":75,"caption":"Quobis"},"image":{"@id":"https:\/\/www.quobis.com\/es\/#\/schema\/logo\/image\/"},"sameAs":["https:\/\/www.facebook.com\/quobis","https:\/\/x.com\/Quobis","https:\/\/www.instagram.com\/thisisquobis\/","https:\/\/www.linkedin.com\/company\/251449"],"description":"Quobis en una empresa de ingenier\u00eda de telecomunicaciones especializada en interconexi\u00f3n de voz, seguridad, aplicaciones WebRTC e integraciones de software libre en cores de red de operador. Damos soporte a elementos de red de fabricantes l\u00edderes, y tenemos una extensa actividedad de I+D, desde la que exploramos tecnolog\u00edas como la inteligenica artificial, las redes NGN (5G,6G...), ciberseguridad... Nuestros clientes son grandes empresas de sectores como la banca, retail o salud, carriers, vendors de tecnolog\u00eda para operador o administraci\u00f3n p\u00fablica.","email":"contact@quobis.com","telephone":"986911644","legalName":"QUOBIS NETWORKS, S.L","foundingDate":"2016-05-30","vatID":"ESB36 974632","numberOfEmployees":{"@type":"QuantitativeValue","minValue":"11","maxValue":"50"}}]}},"taxonomy_info":[],"featured_image_src_large":false,"author_info":{"display_name":"Iago Soto","author_link":"https:\/\/www.quobis.com\/es\/author\/iago-soto\/"},"comment_info":0,"_links":{"self":[{"href":"https:\/\/www.quobis.com\/es\/wp-json\/wp\/v2\/pages\/15439","targetHints":{"allow":["GET"]}}],"collection":[{"href":"https:\/\/www.quobis.com\/es\/wp-json\/wp\/v2\/pages"}],"about":[{"href":"https:\/\/www.quobis.com\/es\/wp-json\/wp\/v2\/types\/page"}],"author":[{"embeddable":true,"href":"https:\/\/www.quobis.com\/es\/wp-json\/wp\/v2\/users\/5"}],"replies":[{"embeddable":true,"href":"https:\/\/www.quobis.com\/es\/wp-json\/wp\/v2\/comments?post=15439"}],"version-history":[{"count":1,"href":"https:\/\/www.quobis.com\/es\/wp-json\/wp\/v2\/pages\/15439\/revisions"}],"predecessor-version":[{"id":15441,"href":"https:\/\/www.quobis.com\/es\/wp-json\/wp\/v2\/pages\/15439\/revisions\/15441"}],"wp:attachment":[{"href":"https:\/\/www.quobis.com\/es\/wp-json\/wp\/v2\/media?parent=15439"}],"curies":[{"name":"wp","href":"https:\/\/api.w.org\/{rel}","templated":true}]}}