{"id":14865,"date":"2025-01-28T18:06:26","date_gmt":"2025-01-28T17:06:26","guid":{"rendered":"https:\/\/www.quobis.com\/empleo\/job-offers\/"},"modified":"2025-01-29T11:28:48","modified_gmt":"2025-01-29T10:28:48","slug":"ofertas-de-empleo","status":"publish","type":"page","link":"https:\/\/www.quobis.com\/es\/empleo\/ofertas-de-empleo\/","title":{"rendered":"ofertas de empleo"},"content":{"rendered":"<style>.kb-row-layout-id14865_e8bf5d-fa > .kt-row-column-wrap{align-content:center;}:where(.kb-row-layout-id14865_e8bf5d-fa > .kt-row-column-wrap) > .wp-block-kadence-column{justify-content:center;}.kb-row-layout-id14865_e8bf5d-fa > .kt-row-column-wrap{column-gap:var(--global-kb-gap-md, 2rem);row-gap:var(--global-kb-gap-md, 2rem);max-width:var( --global-content-width, 1290px );padding-left:var(--global-content-edge-padding);padding-right:var(--global-content-edge-padding);padding-top:var(--global-kb-spacing-4xl, 8rem);padding-bottom:var(--global-kb-spacing-lg, 3rem);grid-template-columns:minmax(0, 1fr);}.kb-row-layout-id14865_e8bf5d-fa > .kt-row-layout-overlay{opacity:0.30;}@media all and (max-width: 1024px){.kb-row-layout-id14865_e8bf5d-fa > .kt-row-column-wrap{grid-template-columns:minmax(0, 1fr);}}@media all and (max-width: 767px){.kb-row-layout-id14865_e8bf5d-fa > .kt-row-column-wrap{grid-template-columns:minmax(0, 1fr);}}<\/style><div class=\"kb-row-layout-wrap kb-row-layout-id14865_e8bf5d-fa alignfull has-theme-palette3-background-color kt-row-has-bg wp-block-kadence-rowlayout\"><div class=\"kt-row-column-wrap kt-has-1-columns kt-row-layout-equal kt-tab-layout-inherit kt-mobile-layout-row kt-row-valign-middle kb-theme-content-width\">\n<style>.kadence-column14865_a14427-28 > .kt-inside-inner-col{display:flex;}.kadence-column14865_a14427-28 > .kt-inside-inner-col,.kadence-column14865_a14427-28 > .kt-inside-inner-col:before{border-top-left-radius:0px;border-top-right-radius:0px;border-bottom-right-radius:0px;border-bottom-left-radius:0px;}.kadence-column14865_a14427-28 > .kt-inside-inner-col{column-gap:var(--global-kb-gap-sm, 1rem);}.kadence-column14865_a14427-28 > .kt-inside-inner-col{flex-direction:row;flex-wrap:wrap;align-items:center;}.kadence-column14865_a14427-28 > .kt-inside-inner-col > *, .kadence-column14865_a14427-28 > .kt-inside-inner-col > figure.wp-block-image, .kadence-column14865_a14427-28 > .kt-inside-inner-col > figure.wp-block-kadence-image{margin-top:0px;margin-bottom:0px;}.kadence-column14865_a14427-28 > .kt-inside-inner-col > .kb-image-is-ratio-size{flex-grow:1;}.kt-row-column-wrap > .kadence-column14865_a14427-28{align-self:center;}.kt-inner-column-height-full:not(.kt-has-1-columns) > .wp-block-kadence-column.kadence-column14865_a14427-28{align-self:auto;}.kt-inner-column-height-full:not(.kt-has-1-columns) > .wp-block-kadence-column.kadence-column14865_a14427-28 > .kt-inside-inner-col{align-items:center;}.kadence-column14865_a14427-28 > .kt-inside-inner-col:before{opacity:0.3;}.kadence-column14865_a14427-28{position:relative;}@media all and (max-width: 1024px){.kt-row-column-wrap > .kadence-column14865_a14427-28{align-self:center;}}@media all and (max-width: 1024px){.kt-inner-column-height-full:not(.kt-has-1-columns) > .wp-block-kadence-column.kadence-column14865_a14427-28{align-self:auto;}}@media all and (max-width: 1024px){.kt-inner-column-height-full:not(.kt-has-1-columns) > .wp-block-kadence-column.kadence-column14865_a14427-28 > .kt-inside-inner-col{align-items:center;}}@media all and (max-width: 1024px){.kadence-column14865_a14427-28 > .kt-inside-inner-col{flex-direction:row;flex-wrap:wrap;align-items:center;}}@media all and (min-width: 768px) and (max-width: 1024px){.kadence-column14865_a14427-28 > .kt-inside-inner-col > *, .kadence-column14865_a14427-28 > .kt-inside-inner-col > figure.wp-block-image, .kadence-column14865_a14427-28 > .kt-inside-inner-col > figure.wp-block-kadence-image{margin-top:0px;margin-bottom:0px;}.kadence-column14865_a14427-28 > .kt-inside-inner-col > .kb-image-is-ratio-size{flex-grow:1;}}@media all and (max-width: 767px){.kt-row-column-wrap > .kadence-column14865_a14427-28{align-self:center;}.kt-inner-column-height-full:not(.kt-has-1-columns) > .wp-block-kadence-column.kadence-column14865_a14427-28{align-self:auto;}.kt-inner-column-height-full:not(.kt-has-1-columns) > .wp-block-kadence-column.kadence-column14865_a14427-28 > .kt-inside-inner-col{align-items:center;}.kadence-column14865_a14427-28 > .kt-inside-inner-col{flex-direction:row;flex-wrap:wrap;justify-content:flex-start;}.kadence-column14865_a14427-28 > .kt-inside-inner-col > *, .kadence-column14865_a14427-28 > .kt-inside-inner-col > figure.wp-block-image, .kadence-column14865_a14427-28 > .kt-inside-inner-col > figure.wp-block-kadence-image{margin-top:0px;margin-bottom:0px;}.kadence-column14865_a14427-28 > .kt-inside-inner-col > .kb-image-is-ratio-size{flex-grow:1;}}<\/style>\n<div class=\"wp-block-kadence-column kadence-column14865_a14427-28 kb-section-dir-horizontal\"><div class=\"kt-inside-inner-col\"><style>.kadence-column14865_624cd7-24{max-width:50px;margin-left:auto;margin-right:auto;}.wp-block-kadence-column.kb-section-dir-horizontal:not(.kb-section-md-dir-vertical)>.kt-inside-inner-col>.kadence-column14865_624cd7-24{-webkit-flex:0 1 50px;flex:0 1 50px;max-width:unset;margin-left:unset;margin-right:unset;}.kadence-column14865_624cd7-24 > .kt-inside-inner-col,.kadence-column14865_624cd7-24 > .kt-inside-inner-col:before{border-top-left-radius:0px;border-top-right-radius:0px;border-bottom-right-radius:0px;border-bottom-left-radius:0px;}.kadence-column14865_624cd7-24 > .kt-inside-inner-col{column-gap:var(--global-kb-gap-sm, 1rem);}.kadence-column14865_624cd7-24 > .kt-inside-inner-col{flex-direction:column;}.kadence-column14865_624cd7-24 > .kt-inside-inner-col > .aligncenter{width:100%;}.kadence-column14865_624cd7-24 > .kt-inside-inner-col:before{opacity:0.3;}.kadence-column14865_624cd7-24{position:relative;}@media all and (min-width: 1025px){.wp-block-kadence-column.kb-section-dir-horizontal>.kt-inside-inner-col>.kadence-column14865_624cd7-24{-webkit-flex:0 1 50px;flex:0 1 50px;max-width:unset;margin-left:unset;margin-right:unset;}}@media all and (max-width: 1024px){.kadence-column14865_624cd7-24 > .kt-inside-inner-col{flex-direction:column;justify-content:center;}}@media all and (max-width: 767px){.wp-block-kadence-column.kb-section-sm-dir-vertical:not(.kb-section-sm-dir-horizontal):not(.kb-section-sm-dir-specificity)>.kt-inside-inner-col>.kadence-column14865_624cd7-24{max-width:50px;-webkit-flex:1;flex:1;margin-left:auto;margin-right:auto;}.kadence-column14865_624cd7-24 > .kt-inside-inner-col{flex-direction:column;justify-content:center;}}<\/style>\n<div class=\"wp-block-kadence-column kadence-column14865_624cd7-24\"><div class=\"kt-inside-inner-col\"><style>.wp-block-kadence-spacer.kt-block-spacer-14865_ac38ed-b3 .kt-block-spacer{height:60px;}.wp-block-kadence-spacer.kt-block-spacer-14865_ac38ed-b3 .kt-divider{border-top-width:2px;border-top-color:var(--global-palette9, #ffffff);width:100%;border-top-style:solid;}<\/style>\n<div class=\"wp-block-kadence-spacer aligncenter kt-block-spacer-14865_ac38ed-b3\"><div class=\"kt-block-spacer kt-block-spacer-halign-center\"><hr class=\"kt-divider\"\/><\/div><\/div>\n<\/div><\/div>\n\n\n<style>.wp-block-kadence-advancedheading.kt-adv-heading14865_3bf7f7-c4, .wp-block-kadence-advancedheading.kt-adv-heading14865_3bf7f7-c4[data-kb-block=\"kb-adv-heading14865_3bf7f7-c4\"]{padding-bottom:0px;margin-top:0px;text-align:center;font-size:40px;font-style:normal;text-transform:uppercase;}.wp-block-kadence-advancedheading.kt-adv-heading14865_3bf7f7-c4 mark.kt-highlight, .wp-block-kadence-advancedheading.kt-adv-heading14865_3bf7f7-c4[data-kb-block=\"kb-adv-heading14865_3bf7f7-c4\"] mark.kt-highlight{font-style:normal;color:#f76a0c;-webkit-box-decoration-break:clone;box-decoration-break:clone;padding-top:0px;padding-right:0px;padding-bottom:0px;padding-left:0px;}.wp-block-kadence-advancedheading.kt-adv-heading14865_3bf7f7-c4 img.kb-inline-image, .wp-block-kadence-advancedheading.kt-adv-heading14865_3bf7f7-c4[data-kb-block=\"kb-adv-heading14865_3bf7f7-c4\"] img.kb-inline-image{width:150px;vertical-align:baseline;}<\/style>\n<h3 class=\"kt-adv-heading14865_3bf7f7-c4 wp-block-kadence-advancedheading has-theme-palette-8-color has-text-color\" data-kb-block=\"kb-adv-heading14865_3bf7f7-c4\">Ofertas de empleo<\/h3>\n\n\n<style>.kadence-column14865_9f1a48-c1 > .kt-inside-inner-col,.kadence-column14865_9f1a48-c1 > .kt-inside-inner-col:before{border-top-left-radius:0px;border-top-right-radius:0px;border-bottom-right-radius:0px;border-bottom-left-radius:0px;}.kadence-column14865_9f1a48-c1 > .kt-inside-inner-col{column-gap:var(--global-kb-gap-sm, 1rem);}.kadence-column14865_9f1a48-c1 > .kt-inside-inner-col{flex-direction:column;}.kadence-column14865_9f1a48-c1 > .kt-inside-inner-col > .aligncenter{width:100%;}.kadence-column14865_9f1a48-c1 > .kt-inside-inner-col:before{opacity:0.3;}.kadence-column14865_9f1a48-c1{position:relative;}@media all and (max-width: 1024px){.kadence-column14865_9f1a48-c1 > .kt-inside-inner-col{flex-direction:column;justify-content:center;}}@media all and (max-width: 767px){.kadence-column14865_9f1a48-c1 > .kt-inside-inner-col{flex-direction:column;justify-content:center;}}<\/style>\n<div class=\"wp-block-kadence-column kadence-column14865_9f1a48-c1\"><div class=\"kt-inside-inner-col\"><style>.wp-block-kadence-spacer.kt-block-spacer-14865_20a6d6-ee .kt-block-spacer{height:60px;}.wp-block-kadence-spacer.kt-block-spacer-14865_20a6d6-ee .kt-divider{border-top-width:2px;border-top-color:var(--global-palette9, #ffffff);width:100%;border-top-style:solid;}<\/style>\n<div class=\"wp-block-kadence-spacer aligncenter kt-block-spacer-14865_20a6d6-ee\"><div class=\"kt-block-spacer kt-block-spacer-halign-center\"><hr class=\"kt-divider\"\/><\/div><\/div>\n<\/div><\/div>\n<\/div><\/div>\n\n<\/div><\/div>\n\n\n<div style=\"height:100px\" aria-hidden=\"true\" class=\"wp-block-spacer\"><\/div>\n\n\n\n<div class=\"wp-block-query is-layout-flow wp-block-query-is-layout-flow\"><ul class=\"wp-block-post-template is-layout-flow wp-block-post-template-is-layout-flow\"><li class=\"wp-block-post post-15838 post type-post status-publish format-standard has-post-thumbnail hentry category-oferta-de-empleo tag-career-es tag-expert tag-job-offers-es tag-senior tag-sip\">\n<h2 class=\"wp-block-post-title\"><a href=\"https:\/\/www.quobis.com\/es\/2025\/12\/22\/ingeniero-voip-opensource\/\" target=\"_self\" >Ingeniero\/a senior VoIP opensource<\/a><\/h2>\n\n<figure class=\"alignwide wp-block-post-featured-image\"><a href=\"https:\/\/www.quobis.com\/es\/2025\/12\/22\/ingeniero-voip-opensource\/\" target=\"_self\"  ><img loading=\"lazy\" decoding=\"async\" width=\"1873\" height=\"1255\" src=\"https:\/\/www.quobis.com\/wp-content\/uploads\/2022\/02\/postCareers-100.jpg\" class=\"attachment-post-thumbnail size-post-thumbnail wp-post-image\" alt=\"Ingeniero\/a senior VoIP opensource\" style=\"object-fit:cover;\" srcset=\"https:\/\/www.quobis.com\/wp-content\/uploads\/2022\/02\/postCareers-100.jpg 1873w, https:\/\/www.quobis.com\/wp-content\/uploads\/2022\/02\/postCareers-100-300x201.jpg 300w, https:\/\/www.quobis.com\/wp-content\/uploads\/2022\/02\/postCareers-100-1024x686.jpg 1024w, https:\/\/www.quobis.com\/wp-content\/uploads\/2022\/02\/postCareers-100-768x515.jpg 768w, https:\/\/www.quobis.com\/wp-content\/uploads\/2022\/02\/postCareers-100-1536x1029.jpg 1536w\" sizes=\"auto, (max-width: 1873px) 100vw, 1873px\" \/><\/a><\/figure>\n\n<div class=\"wp-block-post-excerpt\"><p class=\"wp-block-post-excerpt__excerpt\">Qu\u00e9 estamos buscando En Quobis dise\u00f1amos, desarrollamos, desplegamos y mantenemos aplicaciones de voz, v\u00eddeo y telefon\u00eda en tiempo real para operadores de telecomunicaciones, grandes empresas y contact-centers.&nbsp; Nuestro portfolio incluye servidores de aplicaci\u00f3n SIP, m\u00f3dulos de red IMS, softswitches, SBCs, soluciones de monitorizaci\u00f3n y seguridad en redes VoIP, media servers, gateways WebRTC-SIP, softphones WebRTC, click-to-call,&#8230; <\/p><\/div>\n\n\n<hr class=\"wp-block-separator has-css-opacity\"\/>\n\n\n<div class=\"wp-block-post-date\"><time datetime=\"2025-12-22T09:20:41+01:00\">22 de diciembre de 2025<\/time><\/div>\n<\/li><\/ul><\/div>\n","protected":false},"excerpt":{"rendered":"<p>Ofertas de empleo<\/p>\n","protected":false},"author":9,"featured_media":9034,"parent":8831,"menu_order":0,"comment_status":"closed","ping_status":"closed","template":"","meta":{"_kad_blocks_custom_css":"","_kad_blocks_head_custom_js":"","_kad_blocks_body_custom_js":"","_kad_blocks_footer_custom_js":"","_kadence_starter_templates_imported_post":false,"_kad_post_transparent":"","_kad_post_title":"","_kad_post_layout":"","_kad_post_sidebar_id":"","_kad_post_content_style":"","_kad_post_vertical_padding":"","_kad_post_feature":"","_kad_post_feature_position":"","_kad_post_header":false,"_kad_post_footer":false,"_kad_post_classname":"","footnotes":""},"class_list":["post-14865","page","type-page","status-publish","has-post-thumbnail","hentry"],"yoast_head":"<!-- This site is optimized with the Yoast SEO Premium plugin v27.4 (Yoast SEO v27.4) - https:\/\/yoast.com\/product\/yoast-seo-premium-wordpress\/ -->\n<title>ofertas de empleo - Quobis<\/title>\n<meta name=\"description\" content=\"Encuentra aqu\u00ed todas nuestras ofertas de empleo.\" \/>\n<meta name=\"robots\" content=\"index, follow, max-snippet:-1, max-image-preview:large, max-video-preview:-1\" \/>\n<link rel=\"canonical\" href=\"https:\/\/www.quobis.com\/es\/empleo\/ofertas-de-empleo\/\" \/>\n<meta property=\"og:locale\" content=\"es_ES\" \/>\n<meta property=\"og:type\" content=\"article\" \/>\n<meta property=\"og:title\" content=\"ofertas de empleo\" \/>\n<meta property=\"og:description\" content=\"Ofertas de empleo\" \/>\n<meta property=\"og:url\" content=\"https:\/\/www.quobis.com\/es\/empleo\/ofertas-de-empleo\/\" \/>\n<meta property=\"og:site_name\" content=\"Quobis\" \/>\n<meta property=\"article:publisher\" content=\"https:\/\/www.facebook.com\/quobis\" \/>\n<meta property=\"article:modified_time\" content=\"2025-01-29T10:28:48+00:00\" \/>\n<meta property=\"og:image\" content=\"https:\/\/www.quobis.com\/wp-content\/uploads\/2021\/03\/Post_Color-filter_Job-offer_640x427.png\" \/>\n\t<meta property=\"og:image:width\" content=\"640\" \/>\n\t<meta property=\"og:image:height\" content=\"427\" \/>\n\t<meta property=\"og:image:type\" content=\"image\/png\" \/>\n<meta name=\"twitter:card\" content=\"summary_large_image\" \/>\n<meta name=\"twitter:site\" content=\"@Quobis\" \/>\n<script type=\"application\/ld+json\" class=\"yoast-schema-graph\">{\"@context\":\"https:\\\/\\\/schema.org\",\"@graph\":[{\"@type\":\"WebPage\",\"@id\":\"https:\\\/\\\/www.quobis.com\\\/es\\\/empleo\\\/ofertas-de-empleo\\\/\",\"url\":\"https:\\\/\\\/www.quobis.com\\\/es\\\/empleo\\\/ofertas-de-empleo\\\/\",\"name\":\"ofertas de empleo - Quobis\",\"isPartOf\":{\"@id\":\"https:\\\/\\\/www.quobis.com\\\/es\\\/#website\"},\"primaryImageOfPage\":{\"@id\":\"https:\\\/\\\/www.quobis.com\\\/es\\\/empleo\\\/ofertas-de-empleo\\\/#primaryimage\"},\"image\":{\"@id\":\"https:\\\/\\\/www.quobis.com\\\/es\\\/empleo\\\/ofertas-de-empleo\\\/#primaryimage\"},\"thumbnailUrl\":\"https:\\\/\\\/www.quobis.com\\\/wp-content\\\/uploads\\\/2021\\\/03\\\/Post_Color-filter_Job-offer_640x427.png\",\"datePublished\":\"2025-01-28T17:06:26+00:00\",\"dateModified\":\"2025-01-29T10:28:48+00:00\",\"description\":\"Encuentra aqu\u00ed todas nuestras ofertas de empleo.\",\"breadcrumb\":{\"@id\":\"https:\\\/\\\/www.quobis.com\\\/es\\\/empleo\\\/ofertas-de-empleo\\\/#breadcrumb\"},\"inLanguage\":\"es\",\"potentialAction\":[{\"@type\":\"ReadAction\",\"target\":[\"https:\\\/\\\/www.quobis.com\\\/es\\\/empleo\\\/ofertas-de-empleo\\\/\"]}]},{\"@type\":\"ImageObject\",\"inLanguage\":\"es\",\"@id\":\"https:\\\/\\\/www.quobis.com\\\/es\\\/empleo\\\/ofertas-de-empleo\\\/#primaryimage\",\"url\":\"https:\\\/\\\/www.quobis.com\\\/wp-content\\\/uploads\\\/2021\\\/03\\\/Post_Color-filter_Job-offer_640x427.png\",\"contentUrl\":\"https:\\\/\\\/www.quobis.com\\\/wp-content\\\/uploads\\\/2021\\\/03\\\/Post_Color-filter_Job-offer_640x427.png\",\"width\":640,\"height\":427},{\"@type\":\"BreadcrumbList\",\"@id\":\"https:\\\/\\\/www.quobis.com\\\/es\\\/empleo\\\/ofertas-de-empleo\\\/#breadcrumb\",\"itemListElement\":[{\"@type\":\"ListItem\",\"position\":1,\"name\":\"Empleo\",\"item\":\"https:\\\/\\\/www.quobis.com\\\/es\\\/empleo\\\/\"},{\"@type\":\"ListItem\",\"position\":2,\"name\":\"ofertas de empleo\"}]},{\"@type\":\"WebSite\",\"@id\":\"https:\\\/\\\/www.quobis.com\\\/es\\\/#website\",\"url\":\"https:\\\/\\\/www.quobis.com\\\/es\\\/\",\"name\":\"Quobis\",\"description\":\"Quobis ha desarrollado tecnolog\u00edas de comunicaci\u00f3n de clase operador para uso corporativo y proveedores de servicio de telecomunicaciones.\",\"publisher\":{\"@id\":\"https:\\\/\\\/www.quobis.com\\\/es\\\/#organization\"},\"potentialAction\":[{\"@type\":\"SearchAction\",\"target\":{\"@type\":\"EntryPoint\",\"urlTemplate\":\"https:\\\/\\\/www.quobis.com\\\/es\\\/?s={search_term_string}\"},\"query-input\":{\"@type\":\"PropertyValueSpecification\",\"valueRequired\":true,\"valueName\":\"search_term_string\"}}],\"inLanguage\":\"es\"},{\"@type\":\"Organization\",\"@id\":\"https:\\\/\\\/www.quobis.com\\\/es\\\/#organization\",\"name\":\"Quobis\",\"alternateName\":\"Quobis Networks\",\"url\":\"https:\\\/\\\/www.quobis.com\\\/es\\\/\",\"logo\":{\"@type\":\"ImageObject\",\"inLanguage\":\"es\",\"@id\":\"https:\\\/\\\/www.quobis.com\\\/es\\\/#\\\/schema\\\/logo\\\/image\\\/\",\"url\":\"https:\\\/\\\/www.quobis.com\\\/wp-content\\\/uploads\\\/2022\\\/11\\\/logo-200-x-75-1.png\",\"contentUrl\":\"https:\\\/\\\/www.quobis.com\\\/wp-content\\\/uploads\\\/2022\\\/11\\\/logo-200-x-75-1.png\",\"width\":200,\"height\":75,\"caption\":\"Quobis\"},\"image\":{\"@id\":\"https:\\\/\\\/www.quobis.com\\\/es\\\/#\\\/schema\\\/logo\\\/image\\\/\"},\"sameAs\":[\"https:\\\/\\\/www.facebook.com\\\/quobis\",\"https:\\\/\\\/x.com\\\/Quobis\",\"https:\\\/\\\/www.instagram.com\\\/thisisquobis\\\/\",\"https:\\\/\\\/www.linkedin.com\\\/company\\\/251449\"],\"description\":\"Quobis en una empresa de ingenier\u00eda de telecomunicaciones especializada en interconexi\u00f3n de voz, seguridad, aplicaciones WebRTC e integraciones de software libre en cores de red de operador. Damos soporte a elementos de red de fabricantes l\u00edderes, y tenemos una extensa actividedad de I+D, desde la que exploramos tecnolog\u00edas como la inteligenica artificial, las redes NGN (5G,6G...), ciberseguridad... Nuestros clientes son grandes empresas de sectores como la banca, retail o salud, carriers, vendors de tecnolog\u00eda para operador o administraci\u00f3n p\u00fablica.\",\"email\":\"contact@quobis.com\",\"telephone\":\"986911644\",\"legalName\":\"QUOBIS NETWORKS, S.L\",\"foundingDate\":\"2016-05-30\",\"vatID\":\"ESB36 974632\",\"numberOfEmployees\":{\"@type\":\"QuantitativeValue\",\"minValue\":\"11\",\"maxValue\":\"50\"}}]}<\/script>\n<!-- \/ Yoast SEO Premium plugin. -->","yoast_head_json":{"title":"ofertas de empleo - Quobis","description":"Encuentra aqu\u00ed todas nuestras ofertas de empleo.","robots":{"index":"index","follow":"follow","max-snippet":"max-snippet:-1","max-image-preview":"max-image-preview:large","max-video-preview":"max-video-preview:-1"},"canonical":"https:\/\/www.quobis.com\/es\/empleo\/ofertas-de-empleo\/","og_locale":"es_ES","og_type":"article","og_title":"ofertas de empleo","og_description":"Ofertas de empleo","og_url":"https:\/\/www.quobis.com\/es\/empleo\/ofertas-de-empleo\/","og_site_name":"Quobis","article_publisher":"https:\/\/www.facebook.com\/quobis","article_modified_time":"2025-01-29T10:28:48+00:00","og_image":[{"width":640,"height":427,"url":"https:\/\/www.quobis.com\/wp-content\/uploads\/2021\/03\/Post_Color-filter_Job-offer_640x427.png","type":"image\/png"}],"twitter_card":"summary_large_image","twitter_site":"@Quobis","schema":{"@context":"https:\/\/schema.org","@graph":[{"@type":"WebPage","@id":"https:\/\/www.quobis.com\/es\/empleo\/ofertas-de-empleo\/","url":"https:\/\/www.quobis.com\/es\/empleo\/ofertas-de-empleo\/","name":"ofertas de empleo - Quobis","isPartOf":{"@id":"https:\/\/www.quobis.com\/es\/#website"},"primaryImageOfPage":{"@id":"https:\/\/www.quobis.com\/es\/empleo\/ofertas-de-empleo\/#primaryimage"},"image":{"@id":"https:\/\/www.quobis.com\/es\/empleo\/ofertas-de-empleo\/#primaryimage"},"thumbnailUrl":"https:\/\/www.quobis.com\/wp-content\/uploads\/2021\/03\/Post_Color-filter_Job-offer_640x427.png","datePublished":"2025-01-28T17:06:26+00:00","dateModified":"2025-01-29T10:28:48+00:00","description":"Encuentra aqu\u00ed todas nuestras ofertas de empleo.","breadcrumb":{"@id":"https:\/\/www.quobis.com\/es\/empleo\/ofertas-de-empleo\/#breadcrumb"},"inLanguage":"es","potentialAction":[{"@type":"ReadAction","target":["https:\/\/www.quobis.com\/es\/empleo\/ofertas-de-empleo\/"]}]},{"@type":"ImageObject","inLanguage":"es","@id":"https:\/\/www.quobis.com\/es\/empleo\/ofertas-de-empleo\/#primaryimage","url":"https:\/\/www.quobis.com\/wp-content\/uploads\/2021\/03\/Post_Color-filter_Job-offer_640x427.png","contentUrl":"https:\/\/www.quobis.com\/wp-content\/uploads\/2021\/03\/Post_Color-filter_Job-offer_640x427.png","width":640,"height":427},{"@type":"BreadcrumbList","@id":"https:\/\/www.quobis.com\/es\/empleo\/ofertas-de-empleo\/#breadcrumb","itemListElement":[{"@type":"ListItem","position":1,"name":"Empleo","item":"https:\/\/www.quobis.com\/es\/empleo\/"},{"@type":"ListItem","position":2,"name":"ofertas de empleo"}]},{"@type":"WebSite","@id":"https:\/\/www.quobis.com\/es\/#website","url":"https:\/\/www.quobis.com\/es\/","name":"Quobis","description":"Quobis ha desarrollado tecnolog\u00edas de comunicaci\u00f3n de clase operador para uso corporativo y proveedores de servicio de telecomunicaciones.","publisher":{"@id":"https:\/\/www.quobis.com\/es\/#organization"},"potentialAction":[{"@type":"SearchAction","target":{"@type":"EntryPoint","urlTemplate":"https:\/\/www.quobis.com\/es\/?s={search_term_string}"},"query-input":{"@type":"PropertyValueSpecification","valueRequired":true,"valueName":"search_term_string"}}],"inLanguage":"es"},{"@type":"Organization","@id":"https:\/\/www.quobis.com\/es\/#organization","name":"Quobis","alternateName":"Quobis Networks","url":"https:\/\/www.quobis.com\/es\/","logo":{"@type":"ImageObject","inLanguage":"es","@id":"https:\/\/www.quobis.com\/es\/#\/schema\/logo\/image\/","url":"https:\/\/www.quobis.com\/wp-content\/uploads\/2022\/11\/logo-200-x-75-1.png","contentUrl":"https:\/\/www.quobis.com\/wp-content\/uploads\/2022\/11\/logo-200-x-75-1.png","width":200,"height":75,"caption":"Quobis"},"image":{"@id":"https:\/\/www.quobis.com\/es\/#\/schema\/logo\/image\/"},"sameAs":["https:\/\/www.facebook.com\/quobis","https:\/\/x.com\/Quobis","https:\/\/www.instagram.com\/thisisquobis\/","https:\/\/www.linkedin.com\/company\/251449"],"description":"Quobis en una empresa de ingenier\u00eda de telecomunicaciones especializada en interconexi\u00f3n de voz, seguridad, aplicaciones WebRTC e integraciones de software libre en cores de red de operador. Damos soporte a elementos de red de fabricantes l\u00edderes, y tenemos una extensa actividedad de I+D, desde la que exploramos tecnolog\u00edas como la inteligenica artificial, las redes NGN (5G,6G...), ciberseguridad... Nuestros clientes son grandes empresas de sectores como la banca, retail o salud, carriers, vendors de tecnolog\u00eda para operador o administraci\u00f3n p\u00fablica.","email":"contact@quobis.com","telephone":"986911644","legalName":"QUOBIS NETWORKS, S.L","foundingDate":"2016-05-30","vatID":"ESB36 974632","numberOfEmployees":{"@type":"QuantitativeValue","minValue":"11","maxValue":"50"}}]}},"taxonomy_info":[],"featured_image_src_large":["https:\/\/www.quobis.com\/wp-content\/uploads\/2021\/03\/Post_Color-filter_Job-offer_640x427.png",640,427,false],"author_info":{"display_name":"Iago Fern\u00e1ndez Gonz\u00e1lez","author_link":"https:\/\/www.quobis.com\/es\/author\/iago-fernandez\/"},"comment_info":0,"_links":{"self":[{"href":"https:\/\/www.quobis.com\/es\/wp-json\/wp\/v2\/pages\/14865","targetHints":{"allow":["GET"]}}],"collection":[{"href":"https:\/\/www.quobis.com\/es\/wp-json\/wp\/v2\/pages"}],"about":[{"href":"https:\/\/www.quobis.com\/es\/wp-json\/wp\/v2\/types\/page"}],"author":[{"embeddable":true,"href":"https:\/\/www.quobis.com\/es\/wp-json\/wp\/v2\/users\/9"}],"replies":[{"embeddable":true,"href":"https:\/\/www.quobis.com\/es\/wp-json\/wp\/v2\/comments?post=14865"}],"version-history":[{"count":2,"href":"https:\/\/www.quobis.com\/es\/wp-json\/wp\/v2\/pages\/14865\/revisions"}],"predecessor-version":[{"id":14869,"href":"https:\/\/www.quobis.com\/es\/wp-json\/wp\/v2\/pages\/14865\/revisions\/14869"}],"up":[{"embeddable":true,"href":"https:\/\/www.quobis.com\/es\/wp-json\/wp\/v2\/pages\/8831"}],"wp:featuredmedia":[{"embeddable":true,"href":"https:\/\/www.quobis.com\/es\/wp-json\/wp\/v2\/media\/9034"}],"wp:attachment":[{"href":"https:\/\/www.quobis.com\/es\/wp-json\/wp\/v2\/media?parent=14865"}],"curies":[{"name":"wp","href":"https:\/\/api.w.org\/{rel}","templated":true}]}}