{"id":12215,"date":"2023-04-05T17:20:35","date_gmt":"2023-04-05T15:20:35","guid":{"rendered":"https:\/\/www.quobis.com\/?page_id=12215"},"modified":"2025-04-02T17:52:54","modified_gmt":"2025-04-02T15:52:54","slug":"podcast-telecom-mondays","status":"publish","type":"page","link":"https:\/\/www.quobis.com\/es\/podcast-telecom-mondays\/","title":{"rendered":"Podcast Telecom Mondays"},"content":{"rendered":"\n<figure class=\"wp-block-embed is-type-rich is-provider-spotify wp-block-embed-spotify wp-embed-aspect-21-9 wp-has-aspect-ratio\"><div class=\"wp-block-embed__wrapper\">\n<iframe title=\"Spotify Embed: Uso de Inteligencia Artificial en la producci\u00f3n de contenidos Broadcast\" style=\"border-radius: 12px\" width=\"100%\" height=\"152\" frameborder=\"0\" allowfullscreen allow=\"autoplay; clipboard-write; encrypted-media; fullscreen; picture-in-picture\" loading=\"lazy\" src=\"https:\/\/open.spotify.com\/embed\/show\/5AuHisFLry09HmUolwStbv?utm_source=oembed\"><\/iframe>\n<\/div><\/figure>\n","protected":false},"excerpt":{"rendered":"","protected":false},"author":9,"featured_media":12216,"parent":0,"menu_order":0,"comment_status":"closed","ping_status":"closed","template":"","meta":{"_kad_blocks_custom_css":"","_kad_blocks_head_custom_js":"","_kad_blocks_body_custom_js":"","_kad_blocks_footer_custom_js":"","_kadence_starter_templates_imported_post":false,"_kad_post_transparent":"","_kad_post_title":"","_kad_post_layout":"","_kad_post_sidebar_id":"","_kad_post_content_style":"","_kad_post_vertical_padding":"","_kad_post_feature":"","_kad_post_feature_position":"","_kad_post_header":false,"_kad_post_footer":false,"_kad_post_classname":"","footnotes":""},"class_list":["post-12215","page","type-page","status-publish","has-post-thumbnail","hentry"],"yoast_head":"<!-- This site is optimized with the Yoast SEO Premium plugin v27.1 (Yoast SEO v27.3) - https:\/\/yoast.com\/product\/yoast-seo-premium-wordpress\/ -->\n<title>Podcast Telecom Mondays - Quobis<\/title>\n<meta name=\"description\" content=\"Los podcast de Telecom Mondays te traen los temas m\u00e1s interesantes del panorama de las comunicaciones unificadas.\" \/>\n<meta name=\"robots\" content=\"index, follow, max-snippet:-1, max-image-preview:large, max-video-preview:-1\" \/>\n<link rel=\"canonical\" href=\"https:\/\/www.quobis.com\/es\/podcast-telecom-mondays\/\" \/>\n<meta property=\"og:locale\" content=\"es_ES\" \/>\n<meta property=\"og:type\" content=\"article\" \/>\n<meta property=\"og:title\" content=\"Podcast Telecom Mondays\" \/>\n<meta property=\"og:description\" content=\"https:\/\/open.spotify.com\/show\/5AuHisFLry09HmUolwStbv\" \/>\n<meta property=\"og:url\" content=\"https:\/\/www.quobis.com\/es\/podcast-telecom-mondays\/\" \/>\n<meta property=\"og:site_name\" content=\"Quobis\" \/>\n<meta property=\"article:publisher\" content=\"https:\/\/www.facebook.com\/quobis\" \/>\n<meta property=\"article:modified_time\" content=\"2025-04-02T15:52:54+00:00\" \/>\n<meta property=\"og:image\" content=\"https:\/\/www.quobis.com\/wp-content\/uploads\/2023\/04\/f4082385441224586a5b59d66db0cb29aa25105f.png\" \/>\n\t<meta property=\"og:image:width\" content=\"1200\" \/>\n\t<meta property=\"og:image:height\" content=\"630\" \/>\n\t<meta property=\"og:image:type\" content=\"image\/png\" \/>\n<meta name=\"twitter:card\" content=\"summary_large_image\" \/>\n<meta name=\"twitter:site\" content=\"@Quobis\" \/>\n<meta name=\"twitter:label1\" content=\"Tiempo de lectura\" \/>\n\t<meta name=\"twitter:data1\" content=\"1 minuto\" \/>\n<script type=\"application\/ld+json\" class=\"yoast-schema-graph\">{\"@context\":\"https:\\\/\\\/schema.org\",\"@graph\":[{\"@type\":\"WebPage\",\"@id\":\"https:\\\/\\\/www.quobis.com\\\/es\\\/podcast-telecom-mondays\\\/\",\"url\":\"https:\\\/\\\/www.quobis.com\\\/es\\\/podcast-telecom-mondays\\\/\",\"name\":\"Podcast Telecom Mondays - Quobis\",\"isPartOf\":{\"@id\":\"https:\\\/\\\/www.quobis.com\\\/es\\\/#website\"},\"primaryImageOfPage\":{\"@id\":\"https:\\\/\\\/www.quobis.com\\\/es\\\/podcast-telecom-mondays\\\/#primaryimage\"},\"image\":{\"@id\":\"https:\\\/\\\/www.quobis.com\\\/es\\\/podcast-telecom-mondays\\\/#primaryimage\"},\"thumbnailUrl\":\"https:\\\/\\\/www.quobis.com\\\/wp-content\\\/uploads\\\/2023\\\/04\\\/f4082385441224586a5b59d66db0cb29aa25105f.png\",\"datePublished\":\"2023-04-05T15:20:35+00:00\",\"dateModified\":\"2025-04-02T15:52:54+00:00\",\"description\":\"Los podcast de Telecom Mondays te traen los temas m\u00e1s interesantes del panorama de las comunicaciones unificadas.\",\"inLanguage\":\"es\",\"potentialAction\":[{\"@type\":\"ReadAction\",\"target\":[\"https:\\\/\\\/www.quobis.com\\\/es\\\/podcast-telecom-mondays\\\/\"]}]},{\"@type\":\"ImageObject\",\"inLanguage\":\"es\",\"@id\":\"https:\\\/\\\/www.quobis.com\\\/es\\\/podcast-telecom-mondays\\\/#primaryimage\",\"url\":\"https:\\\/\\\/www.quobis.com\\\/wp-content\\\/uploads\\\/2023\\\/04\\\/f4082385441224586a5b59d66db0cb29aa25105f.png\",\"contentUrl\":\"https:\\\/\\\/www.quobis.com\\\/wp-content\\\/uploads\\\/2023\\\/04\\\/f4082385441224586a5b59d66db0cb29aa25105f.png\",\"width\":1200,\"height\":630},{\"@type\":\"WebSite\",\"@id\":\"https:\\\/\\\/www.quobis.com\\\/es\\\/#website\",\"url\":\"https:\\\/\\\/www.quobis.com\\\/es\\\/\",\"name\":\"Quobis\",\"description\":\"Quobis ha desarrollado tecnolog\u00edas de comunicaci\u00f3n de clase operador para uso corporativo y proveedores de servicio de telecomunicaciones.\",\"publisher\":{\"@id\":\"https:\\\/\\\/www.quobis.com\\\/es\\\/#organization\"},\"potentialAction\":[{\"@type\":\"SearchAction\",\"target\":{\"@type\":\"EntryPoint\",\"urlTemplate\":\"https:\\\/\\\/www.quobis.com\\\/es\\\/?s={search_term_string}\"},\"query-input\":{\"@type\":\"PropertyValueSpecification\",\"valueRequired\":true,\"valueName\":\"search_term_string\"}}],\"inLanguage\":\"es\"},{\"@type\":\"Organization\",\"@id\":\"https:\\\/\\\/www.quobis.com\\\/es\\\/#organization\",\"name\":\"Quobis\",\"alternateName\":\"Quobis Networks\",\"url\":\"https:\\\/\\\/www.quobis.com\\\/es\\\/\",\"logo\":{\"@type\":\"ImageObject\",\"inLanguage\":\"es\",\"@id\":\"https:\\\/\\\/www.quobis.com\\\/es\\\/#\\\/schema\\\/logo\\\/image\\\/\",\"url\":\"https:\\\/\\\/www.quobis.com\\\/wp-content\\\/uploads\\\/2022\\\/11\\\/logo-200-x-75-1.png\",\"contentUrl\":\"https:\\\/\\\/www.quobis.com\\\/wp-content\\\/uploads\\\/2022\\\/11\\\/logo-200-x-75-1.png\",\"width\":200,\"height\":75,\"caption\":\"Quobis\"},\"image\":{\"@id\":\"https:\\\/\\\/www.quobis.com\\\/es\\\/#\\\/schema\\\/logo\\\/image\\\/\"},\"sameAs\":[\"https:\\\/\\\/www.facebook.com\\\/quobis\",\"https:\\\/\\\/x.com\\\/Quobis\",\"https:\\\/\\\/www.instagram.com\\\/thisisquobis\\\/\",\"https:\\\/\\\/www.linkedin.com\\\/company\\\/251449\"],\"description\":\"Quobis en una empresa de ingenier\u00eda de telecomunicaciones especializada en interconexi\u00f3n de voz, seguridad, aplicaciones WebRTC e integraciones de software libre en cores de red de operador. Damos soporte a elementos de red de fabricantes l\u00edderes, y tenemos una extensa actividedad de I+D, desde la que exploramos tecnolog\u00edas como la inteligenica artificial, las redes NGN (5G,6G...), ciberseguridad... Nuestros clientes son grandes empresas de sectores como la banca, retail o salud, carriers, vendors de tecnolog\u00eda para operador o administraci\u00f3n p\u00fablica.\",\"email\":\"contact@quobis.com\",\"telephone\":\"986911644\",\"legalName\":\"QUOBIS NETWORKS, S.L\",\"foundingDate\":\"2016-05-30\",\"vatID\":\"ESB36 974632\",\"numberOfEmployees\":{\"@type\":\"QuantitativeValue\",\"minValue\":\"11\",\"maxValue\":\"50\"}}]}<\/script>\n<!-- \/ Yoast SEO Premium plugin. -->","yoast_head_json":{"title":"Podcast Telecom Mondays - Quobis","description":"Los podcast de Telecom Mondays te traen los temas m\u00e1s interesantes del panorama de las comunicaciones unificadas.","robots":{"index":"index","follow":"follow","max-snippet":"max-snippet:-1","max-image-preview":"max-image-preview:large","max-video-preview":"max-video-preview:-1"},"canonical":"https:\/\/www.quobis.com\/es\/podcast-telecom-mondays\/","og_locale":"es_ES","og_type":"article","og_title":"Podcast Telecom Mondays","og_description":"https:\/\/open.spotify.com\/show\/5AuHisFLry09HmUolwStbv","og_url":"https:\/\/www.quobis.com\/es\/podcast-telecom-mondays\/","og_site_name":"Quobis","article_publisher":"https:\/\/www.facebook.com\/quobis","article_modified_time":"2025-04-02T15:52:54+00:00","og_image":[{"width":1200,"height":630,"url":"https:\/\/www.quobis.com\/wp-content\/uploads\/2023\/04\/f4082385441224586a5b59d66db0cb29aa25105f.png","type":"image\/png"}],"twitter_card":"summary_large_image","twitter_site":"@Quobis","twitter_misc":{"Tiempo de lectura":"1 minuto"},"schema":{"@context":"https:\/\/schema.org","@graph":[{"@type":"WebPage","@id":"https:\/\/www.quobis.com\/es\/podcast-telecom-mondays\/","url":"https:\/\/www.quobis.com\/es\/podcast-telecom-mondays\/","name":"Podcast Telecom Mondays - Quobis","isPartOf":{"@id":"https:\/\/www.quobis.com\/es\/#website"},"primaryImageOfPage":{"@id":"https:\/\/www.quobis.com\/es\/podcast-telecom-mondays\/#primaryimage"},"image":{"@id":"https:\/\/www.quobis.com\/es\/podcast-telecom-mondays\/#primaryimage"},"thumbnailUrl":"https:\/\/www.quobis.com\/wp-content\/uploads\/2023\/04\/f4082385441224586a5b59d66db0cb29aa25105f.png","datePublished":"2023-04-05T15:20:35+00:00","dateModified":"2025-04-02T15:52:54+00:00","description":"Los podcast de Telecom Mondays te traen los temas m\u00e1s interesantes del panorama de las comunicaciones unificadas.","inLanguage":"es","potentialAction":[{"@type":"ReadAction","target":["https:\/\/www.quobis.com\/es\/podcast-telecom-mondays\/"]}]},{"@type":"ImageObject","inLanguage":"es","@id":"https:\/\/www.quobis.com\/es\/podcast-telecom-mondays\/#primaryimage","url":"https:\/\/www.quobis.com\/wp-content\/uploads\/2023\/04\/f4082385441224586a5b59d66db0cb29aa25105f.png","contentUrl":"https:\/\/www.quobis.com\/wp-content\/uploads\/2023\/04\/f4082385441224586a5b59d66db0cb29aa25105f.png","width":1200,"height":630},{"@type":"WebSite","@id":"https:\/\/www.quobis.com\/es\/#website","url":"https:\/\/www.quobis.com\/es\/","name":"Quobis","description":"Quobis ha desarrollado tecnolog\u00edas de comunicaci\u00f3n de clase operador para uso corporativo y proveedores de servicio de telecomunicaciones.","publisher":{"@id":"https:\/\/www.quobis.com\/es\/#organization"},"potentialAction":[{"@type":"SearchAction","target":{"@type":"EntryPoint","urlTemplate":"https:\/\/www.quobis.com\/es\/?s={search_term_string}"},"query-input":{"@type":"PropertyValueSpecification","valueRequired":true,"valueName":"search_term_string"}}],"inLanguage":"es"},{"@type":"Organization","@id":"https:\/\/www.quobis.com\/es\/#organization","name":"Quobis","alternateName":"Quobis Networks","url":"https:\/\/www.quobis.com\/es\/","logo":{"@type":"ImageObject","inLanguage":"es","@id":"https:\/\/www.quobis.com\/es\/#\/schema\/logo\/image\/","url":"https:\/\/www.quobis.com\/wp-content\/uploads\/2022\/11\/logo-200-x-75-1.png","contentUrl":"https:\/\/www.quobis.com\/wp-content\/uploads\/2022\/11\/logo-200-x-75-1.png","width":200,"height":75,"caption":"Quobis"},"image":{"@id":"https:\/\/www.quobis.com\/es\/#\/schema\/logo\/image\/"},"sameAs":["https:\/\/www.facebook.com\/quobis","https:\/\/x.com\/Quobis","https:\/\/www.instagram.com\/thisisquobis\/","https:\/\/www.linkedin.com\/company\/251449"],"description":"Quobis en una empresa de ingenier\u00eda de telecomunicaciones especializada en interconexi\u00f3n de voz, seguridad, aplicaciones WebRTC e integraciones de software libre en cores de red de operador. Damos soporte a elementos de red de fabricantes l\u00edderes, y tenemos una extensa actividedad de I+D, desde la que exploramos tecnolog\u00edas como la inteligenica artificial, las redes NGN (5G,6G...), ciberseguridad... Nuestros clientes son grandes empresas de sectores como la banca, retail o salud, carriers, vendors de tecnolog\u00eda para operador o administraci\u00f3n p\u00fablica.","email":"contact@quobis.com","telephone":"986911644","legalName":"QUOBIS NETWORKS, S.L","foundingDate":"2016-05-30","vatID":"ESB36 974632","numberOfEmployees":{"@type":"QuantitativeValue","minValue":"11","maxValue":"50"}}]}},"taxonomy_info":[],"featured_image_src_large":["https:\/\/www.quobis.com\/wp-content\/uploads\/2023\/04\/f4082385441224586a5b59d66db0cb29aa25105f-1024x538.png",1024,538,true],"author_info":{"display_name":"Iago Fern\u00e1ndez Gonz\u00e1lez","author_link":"https:\/\/www.quobis.com\/es\/author\/iago-fernandez\/"},"comment_info":0,"_links":{"self":[{"href":"https:\/\/www.quobis.com\/es\/wp-json\/wp\/v2\/pages\/12215","targetHints":{"allow":["GET"]}}],"collection":[{"href":"https:\/\/www.quobis.com\/es\/wp-json\/wp\/v2\/pages"}],"about":[{"href":"https:\/\/www.quobis.com\/es\/wp-json\/wp\/v2\/types\/page"}],"author":[{"embeddable":true,"href":"https:\/\/www.quobis.com\/es\/wp-json\/wp\/v2\/users\/9"}],"replies":[{"embeddable":true,"href":"https:\/\/www.quobis.com\/es\/wp-json\/wp\/v2\/comments?post=12215"}],"version-history":[{"count":4,"href":"https:\/\/www.quobis.com\/es\/wp-json\/wp\/v2\/pages\/12215\/revisions"}],"predecessor-version":[{"id":15702,"href":"https:\/\/www.quobis.com\/es\/wp-json\/wp\/v2\/pages\/12215\/revisions\/15702"}],"wp:featuredmedia":[{"embeddable":true,"href":"https:\/\/www.quobis.com\/es\/wp-json\/wp\/v2\/media\/12216"}],"wp:attachment":[{"href":"https:\/\/www.quobis.com\/es\/wp-json\/wp\/v2\/media?parent=12215"}],"curies":[{"name":"wp","href":"https:\/\/api.w.org\/{rel}","templated":true}]}}